{"id":1822,"date":"2024-09-28T07:14:00","date_gmt":"2024-09-28T07:14:00","guid":{"rendered":"https:\/\/complementary-therapies.com\/mauritius\/?page_id=1822"},"modified":"2024-10-03T09:09:20","modified_gmt":"2024-10-03T09:09:20","slug":"accueil-2","status":"publish","type":"page","link":"https:\/\/complementary-therapies.com\/mauritius\/fr\/","title":{"rendered":"Accueil"},"content":{"rendered":"\t\t<div data-elementor-type=\"wp-page\" data-elementor-id=\"1822\" class=\"elementor elementor-1822\">\n\t\t\t\t\t\t<section class=\"elementor-section elementor-top-section elementor-element elementor-element-f233779 elementor-section-stretched thsn-col-stretched-none thsn-bg-color-over-image elementor-section-boxed elementor-section-height-default elementor-section-height-default\" data-id=\"f233779\" data-element_type=\"section\" data-settings=\"{&quot;stretch_section&quot;:&quot;section-stretched&quot;}\">\n\t\t\t\t\t\t<div class=\"elementor-container elementor-column-gap-no\">\n\t\t\t\t\t<div class=\"elementor-column elementor-col-100 elementor-top-column elementor-element elementor-element-ebf027f thsn-bg-color-over-image\" data-id=\"ebf027f\" data-element_type=\"column\">\n\t\t\t<div class=\"elementor-widget-wrap elementor-element-populated\">\n\t\t\t\t\t\t<div class=\"elementor-element elementor-element-6ed8b5e thsn-align-center elementor-widget elementor-widget-thsn_heading\" data-id=\"6ed8b5e\" data-element_type=\"widget\" data-widget_type=\"thsn_heading.default\">\n\t\t\t\t<div class=\"elementor-widget-container\">\n\t\t\t\t<div class=\"thsn-heading-subheading center-align thsn-reverse-heading-yes\"><h2 class=\"thsn-element-title\">\r\n\t\t\t\r\n\t\t\t\t<strong>Complementary Therapies (Ile Maurice) Co Ltd <\/strong>propose une vari\u00e9t\u00e9 de cours accr\u00e9dit\u00e9s en th\u00e9rapie par le massage.\r\n\t\t\t\r\n\t\t\t<\/h2>\r\n\t\t<\/div>\t\t<\/div>\n\t\t\t\t<\/div>\n\t\t\t\t<div class=\"elementor-section elementor-inner-section elementor-element elementor-element-4076c0b elementor-section-content-middle thsn-col-stretched-none thsn-bg-color-over-image elementor-section-boxed elementor-section-height-default elementor-section-height-default\" data-id=\"4076c0b\" data-element_type=\"section\">\n\t\t\t\t\t\t<div class=\"elementor-container elementor-column-gap-no\">\n\t\t\t\t\t<div class=\"elementor-column elementor-col-33 elementor-inner-column elementor-element elementor-element-c3e0dbd thsn-bg-color-over-image\" data-id=\"c3e0dbd\" data-element_type=\"column\">\n\t\t\t<div class=\"elementor-widget-wrap elementor-element-populated\">\n\t\t\t\t\t\t<div class=\"elementor-element elementor-element-e5a9049 thsn-right-icon thsn-align-left elementor-widget elementor-widget-thsn_multiple_icon_heading\" data-id=\"e5a9049\" data-element_type=\"widget\" data-widget_type=\"thsn_multiple_icon_heading.default\">\n\t\t\t\t<div class=\"elementor-widget-container\">\n\t\t\t<div class=\"themesion-element themesion-element-miconheading thsn-element-miconheading-style-9 themesion-element-viewtype-row-column thsn-infinite-scroll-no thsn-infinite-scroll-button-no\" data-cpt=\"miconheading\" data-totalpagination=\"1\" data-style=\"9\" data-show=\"3\" data-columns=\"1\" data-loop=\"false\" data-autoplay=\"false\" data-center=\"false\" data-nav=\"false\" data-dots=\"false\" data-autoplayspeed=\"1000\" data-margin=\"\"><div class=\"themesion-element-inner\">\r\n\t\t<div class=\"thsn-ele-header-area\">\r\n\t\t\t\t<div class=\"thsn-heading-subheading left-align \"><\/div>\t\t<\/div>\r\n\r\n\t\t<div class=\"thsn-element-posts-wrapper row multi-columns-row\">\r\n\r\n\t\t<article class=\"thsn-ele thsn-ele-miconheading thsn-miconheading-style-9 col-md-12   \"><div class=\"thsn-ihbox thsn-ihbox-style-9\"><div class=\"thsn-ihbox-box d-flex align-items-center\">\r\n\t<div class=\"thsn-ihbox-icon\"><div class=\"thsn-ihbox-icon-wrapper\"><i class=\"fas fa-spa\"><\/i><\/div><\/div>\t<div class=\"thsn-ihbox-contents\">\r\n\r\n\t\t<h2 class=\"thsn-element-title\">\r\n\t\t\t\t\r\n\t\t\t\t\tAromath\u00e9rapie :\r\n\t\t\t\t\r\n\t\t\t\t<\/h2>\r\n\t\t\t\t\r\n\t\t\t\r\n\t\t<div class=\"thsn-heading-desc\">Les aromath\u00e9rapeutes utilisent des huiles essentielles provenant de plantes pour favoriser la d\u00e9tente et le bien-\u00eatre.<\/div>\t\t\t<\/div><!-- .thsn-ihbox-contents -->\r\n<\/div>\r\n<\/div><\/article><article class=\"thsn-ele thsn-ele-miconheading thsn-miconheading-style-9 col-md-12   \"><div class=\"thsn-ihbox thsn-ihbox-style-9\"><div class=\"thsn-ihbox-box d-flex align-items-center\">\r\n\t<div class=\"thsn-ihbox-icon\"><div class=\"thsn-ihbox-icon-wrapper\"><i class=\"fas fa-spa\"><\/i><\/div><\/div>\t<div class=\"thsn-ihbox-contents\">\r\n\r\n\t\t<h2 class=\"thsn-element-title\">\r\n\t\t\t\t\r\n\t\t\t\t\tR\u00e9flexologie plantaire :\r\n\t\t\t\t\r\n\t\t\t\t<\/h2>\r\n\t\t\t\t\r\n\t\t\t\r\n\t\t<div class=\"thsn-heading-desc\">Cette th\u00e9rapie compl\u00e9mentaire se concentre sur des points sp\u00e9cifiques des pieds pour am\u00e9liorer la sant\u00e9 globale.<\/div>\t\t\t<\/div><!-- .thsn-ihbox-contents -->\r\n<\/div>\r\n<\/div><\/article><article class=\"thsn-ele thsn-ele-miconheading thsn-miconheading-style-9 col-md-12   \"><div class=\"thsn-ihbox thsn-ihbox-style-9\"><div class=\"thsn-ihbox-box d-flex align-items-center\">\r\n\t<div class=\"thsn-ihbox-icon\"><div class=\"thsn-ihbox-icon-wrapper\"><i class=\"fas fa-spa\"><\/i><\/div><\/div>\t<div class=\"thsn-ihbox-contents\">\r\n\r\n\t\t<h2 class=\"thsn-element-title\">\r\n\t\t\t\t\r\n\t\t\t\t\tShiatsu:\r\n\t\t\t\t\r\n\t\t\t\t<\/h2>\r\n\t\t\t\t\r\n\t\t\t\r\n\t\t<div class=\"thsn-heading-desc\">Une forme japonaise de th\u00e9rapie par le massage qui implique des techniques de pression et d'\u00e9tirement.<\/div>\t\t\t<\/div><!-- .thsn-ihbox-contents -->\r\n<\/div>\r\n<\/div><\/article>\r\n\t\t<\/div>\r\n\r\n\t\t<\/div><!-- .themesion-element-inner -->   <\/div><!-- .themesion-element -->  \t\t<\/div>\n\t\t\t\t<\/div>\n\t\t\t\t\t<\/div>\n\t\t<\/div>\n\t\t\t\t<div class=\"elementor-column elementor-col-33 elementor-inner-column elementor-element elementor-element-076d02d thsn-bg-color-over-image\" data-id=\"076d02d\" data-element_type=\"column\">\n\t\t\t<div class=\"elementor-widget-wrap elementor-element-populated\">\n\t\t\t\t\t\t<div class=\"elementor-element elementor-element-b299fb2 elementor-widget elementor-widget-image\" data-id=\"b299fb2\" data-element_type=\"widget\" data-widget_type=\"image.default\">\n\t\t\t\t<div class=\"elementor-widget-container\">\n\t\t\t\t\t\t\t\t\t\t\t\t\t<img fetchpriority=\"high\" decoding=\"async\" width=\"241\" height=\"392\" src=\"https:\/\/complementary-therapies.com\/mauritius\/wp-content\/uploads\/2024\/09\/complementarytherapiesmauritius01.jpg\" class=\"attachment-full size-full wp-image-1562\" alt=\"\" srcset=\"https:\/\/complementary-therapies.com\/mauritius\/wp-content\/uploads\/2024\/09\/complementarytherapiesmauritius01.jpg 241w, https:\/\/complementary-therapies.com\/mauritius\/wp-content\/uploads\/2024\/09\/complementarytherapiesmauritius01-184x300.jpg 184w\" sizes=\"(max-width: 241px) 100vw, 241px\" \/>\t\t\t\t\t\t\t\t\t\t\t\t\t<\/div>\n\t\t\t\t<\/div>\n\t\t\t\t\t<\/div>\n\t\t<\/div>\n\t\t\t\t<div class=\"elementor-column elementor-col-33 elementor-inner-column elementor-element elementor-element-6e44c7d thsn-bg-color-over-image\" data-id=\"6e44c7d\" data-element_type=\"column\">\n\t\t\t<div class=\"elementor-widget-wrap elementor-element-populated\">\n\t\t\t\t\t\t<div class=\"elementor-element elementor-element-46c4663 thsn-align-left elementor-widget elementor-widget-thsn_multiple_icon_heading\" data-id=\"46c4663\" data-element_type=\"widget\" data-widget_type=\"thsn_multiple_icon_heading.default\">\n\t\t\t\t<div class=\"elementor-widget-container\">\n\t\t\t<div class=\"themesion-element themesion-element-miconheading thsn-element-miconheading-style-9 themesion-element-viewtype-row-column thsn-infinite-scroll-no thsn-infinite-scroll-button-no\" data-cpt=\"miconheading\" data-totalpagination=\"1\" data-style=\"9\" data-show=\"3\" data-columns=\"1\" data-loop=\"false\" data-autoplay=\"false\" data-center=\"false\" data-nav=\"false\" data-dots=\"false\" data-autoplayspeed=\"1000\" data-margin=\"\"><div class=\"themesion-element-inner\">\r\n\t\t<div class=\"thsn-ele-header-area\">\r\n\t\t\t\t<div class=\"thsn-heading-subheading left-align \"><\/div>\t\t<\/div>\r\n\r\n\t\t<div class=\"thsn-element-posts-wrapper row multi-columns-row\">\r\n\r\n\t\t<article class=\"thsn-ele thsn-ele-miconheading thsn-miconheading-style-9 col-md-12   \"><div class=\"thsn-ihbox thsn-ihbox-style-9\"><div class=\"thsn-ihbox-box d-flex align-items-center\">\r\n\t<div class=\"thsn-ihbox-icon\"><div class=\"thsn-ihbox-icon-wrapper\"><i class=\"fas fa-spa\"><\/i><\/div><\/div>\t<div class=\"thsn-ihbox-contents\">\r\n\r\n\t\t<h2 class=\"thsn-element-title\">\r\n\t\t\t\t\r\n\t\t\t\t\tMassage su\u00e9dois  <br> (Massage des tissus profonds)\r\n\t\t\t\t\r\n\t\t\t\t<\/h2>\r\n\t\t\t\t\r\n\t\t\t\r\n\t\t<div class=\"thsn-heading-desc\">R\u00e9put\u00e9 pour ses effets relaxants, le massage su\u00e9dois cible les tensions musculaires et le stress.<\/div>\t\t\t<\/div><!-- .thsn-ihbox-contents -->\r\n<\/div>\r\n<\/div><\/article><article class=\"thsn-ele thsn-ele-miconheading thsn-miconheading-style-9 col-md-12   \"><div class=\"thsn-ihbox thsn-ihbox-style-9\"><div class=\"thsn-ihbox-box d-flex align-items-center\">\r\n\t<div class=\"thsn-ihbox-icon\"><div class=\"thsn-ihbox-icon-wrapper\"><i class=\"fas fa-spa\"><\/i><\/div><\/div>\t<div class=\"thsn-ihbox-contents\">\r\n\r\n\t\t<h2 class=\"thsn-element-title\">\r\n\t\t\t\t\r\n\t\t\t\t\tDrainage bio\u00e9nerg\u00e9tique :\r\n\t\t\t\t\r\n\t\t\t\t<\/h2>\r\n\t\t\t\t\r\n\t\t\t\r\n\t\t<div class=\"thsn-heading-desc\">Une approche holistique du travail corporel.<\/div>\t\t\t<\/div><!-- .thsn-ihbox-contents -->\r\n<\/div>\r\n<\/div><\/article><article class=\"thsn-ele thsn-ele-miconheading thsn-miconheading-style-9 col-md-12   \"><div class=\"thsn-ihbox thsn-ihbox-style-9\"><div class=\"thsn-ihbox-box d-flex align-items-center\">\r\n\t<div class=\"thsn-ihbox-icon\"><div class=\"thsn-ihbox-icon-wrapper\"><i class=\"fas fa-spa\"><\/i><\/div><\/div>\t<div class=\"thsn-ihbox-contents\">\r\n\r\n\t\t<h2 class=\"thsn-element-title\">\r\n\t\t\t\t\r\n\t\t\t\t\tMassage ayurv\u00e9dique :\r\n\t\t\t\t\r\n\t\t\t\t<\/h2>\r\n\t\t\t\t\r\n\t\t\t\r\n\t\t<div class=\"thsn-heading-desc\">\u00c9galement connu sous le nom d'\u00ab Abhyanga \u00bb, il suit les principes traditionnels de l'Ayurveda.<\/div>\t\t\t<\/div><!-- .thsn-ihbox-contents -->\r\n<\/div>\r\n<\/div><\/article>\r\n\t\t<\/div>\r\n\r\n\t\t<\/div><!-- .themesion-element-inner -->   <\/div><!-- .themesion-element -->  \t\t<\/div>\n\t\t\t\t<\/div>\n\t\t\t\t\t<\/div>\n\t\t<\/div>\n\t\t\t\t\t<\/div>\n\t\t<\/div>\n\t\t\t\t\t<\/div>\n\t\t<\/div>\n\t\t\t\t\t<\/div>\n\t\t<\/section>\n\t\t\t\t<section class=\"elementor-section elementor-top-section elementor-element elementor-element-fcc5cfe thsn-col-stretched-both thsn-bg-color-yes thsn-elementor-bg-color-light elementor-section-stretched thsn-bg-color-over-image elementor-section-boxed elementor-section-height-default elementor-section-height-default\" data-id=\"fcc5cfe\" data-element_type=\"section\" data-settings=\"{&quot;stretch_section&quot;:&quot;section-stretched&quot;}\">\n\t\t\t\t\t\t<div class=\"elementor-container elementor-column-gap-no\">\n\t\t\t\t\t<div class=\"elementor-column elementor-col-50 elementor-top-column elementor-element elementor-element-758289d thsn-bg-color-over-image\" data-id=\"758289d\" data-element_type=\"column\" data-settings=\"{&quot;background_background&quot;:&quot;classic&quot;}\">\n\t\t\t<div class=\"elementor-widget-wrap elementor-element-populated\">\n\t\t\t\t\t\t<div class=\"elementor-element elementor-element-8225b81 elementor-absolute elementor-widget elementor-widget-thsn_icon_heading\" data-id=\"8225b81\" data-element_type=\"widget\" data-settings=\"{&quot;_position&quot;:&quot;absolute&quot;}\" data-widget_type=\"thsn_icon_heading.default\">\n\t\t\t\t<div class=\"elementor-widget-container\">\n\t\t\t<div class=\"thsn-ihbox thsn-ihbox-style-1\"><div class=\"thsn-ihbox-box d-flex align-items-center\">\r\n\t<div class=\"thsn-ihbox-icon\"><div class=\"thsn-ihbox-icon-wrapper\"><i class=\"thsn-helthify-icon thsn-helthify-icon-customer-service\"><\/i><\/div><\/div>\t<div class=\"thsn-ihbox-contents\">\r\n\r\n\t\t<h2 class=\"thsn-element-title\">\r\n\t\t\t\t\t\r\n\t\t\t\t\t\tContactez nous:\r\n\t\t\t\t\t\r\n\t\t\t\t\t<\/h2>\r\n\t\t\t\t\t\r\n\t\t<h4 class=\"thsn-element-heading\">\r\n\t\t\t\t\t\r\n\t\t\t\t\t\t58293406 \/ 57551986\r\n\t\t\t\t\t\r\n\t\t\t\t\t<\/h4>\r\n\t\t\t\t\t\r\n\t\t\t\t\t<\/div><!-- .thsn-ihbox-contents -->\r\n<\/div>\r\n<\/div>\t\t<\/div>\n\t\t\t\t<\/div>\n\t\t\t\t<div class=\"elementor-element elementor-element-1908173 elementor-widget elementor-widget-spacer\" data-id=\"1908173\" data-element_type=\"widget\" data-widget_type=\"spacer.default\">\n\t\t\t\t<div class=\"elementor-widget-container\">\n\t\t\t\t\t<div class=\"elementor-spacer\">\n\t\t\t<div class=\"elementor-spacer-inner\"><\/div>\n\t\t<\/div>\n\t\t\t\t<\/div>\n\t\t\t\t<\/div>\n\t\t\t\t\t<\/div>\n\t\t<\/div>\n\t\t\t\t<div class=\"elementor-column elementor-col-50 elementor-top-column elementor-element elementor-element-9ad94ed thsn-bg-color-yes thsn-elementor-bg-color-white thsn-bg-color-over-image\" data-id=\"9ad94ed\" data-element_type=\"column\">\n\t\t\t<div class=\"elementor-widget-wrap elementor-element-populated\">\n\t\t\t\t\t\t<div class=\"elementor-element elementor-element-3523c07 thsn-align-left elementor-widget elementor-widget-thsn_heading\" data-id=\"3523c07\" data-element_type=\"widget\" data-widget_type=\"thsn_heading.default\">\n\t\t\t\t<div class=\"elementor-widget-container\">\n\t\t\t\t<div class=\"thsn-heading-subheading left-align thsn-reverse-heading-yes\"><h4 class=\"thsn-element-subtitle\">\r\n\t\t\t\r\n\t\t\t\tCOMPLEMENTARY THERAPIES (ILE MAURICE) CO LTD\n\nTRAINING INSTITUTION\r\n\t\t\t\r\n\t\t\t<\/h4>\r\n\t\t<\/div>\t\t<\/div>\n\t\t\t\t<\/div>\n\t\t\t\t<div class=\"elementor-element elementor-element-f2af732 elementor-widget elementor-widget-text-editor\" data-id=\"f2af732\" data-element_type=\"widget\" data-widget_type=\"text-editor.default\">\n\t\t\t\t<div class=\"elementor-widget-container\">\n\t\t\t\t\t\t\t<p>Les th\u00e9rapies compl\u00e9mentaires repr\u00e9sentent des approches non traditionnelles de traitement qui peuvent \u00eatre utilis\u00e9es en compl\u00e9ment ou en remplacement des m\u00e9thodes conventionnelles. Ces th\u00e9rapies peuvent inclure des techniques nutritionnelles, physiologiques, physiques et corps-esprit. Parmi les approches populaires ayant des bienfaits potentiels pour la sant\u00e9 mentale, on retrouve le massage, la m\u00e9ditation, l&#8217;hypnoth\u00e9rapie, l&#8217;acupuncture et le yoga.<\/p><p><img decoding=\"async\" class=\"aligncenter wp-image-1656 size-full\" src=\"https:\/\/complementary-therapies.com\/mauritius\/wp-content\/uploads\/2024\/09\/complementarytherapiesmauritius06.jpg\" alt=\"\" width=\"662\" height=\"221\" srcset=\"https:\/\/complementary-therapies.com\/mauritius\/wp-content\/uploads\/2024\/09\/complementarytherapiesmauritius06.jpg 662w, https:\/\/complementary-therapies.com\/mauritius\/wp-content\/uploads\/2024\/09\/complementarytherapiesmauritius06-300x100.jpg 300w\" sizes=\"(max-width: 662px) 100vw, 662px\" \/><\/p>\t\t\t\t\t\t<\/div>\n\t\t\t\t<\/div>\n\t\t\t\t<div class=\"elementor-element elementor-element-59c4573 thsn-list-style-1 elementor-icon-list--layout-traditional elementor-list-item-link-full_width elementor-widget elementor-widget-icon-list\" data-id=\"59c4573\" data-element_type=\"widget\" data-widget_type=\"icon-list.default\">\n\t\t\t\t<div class=\"elementor-widget-container\">\n\t\t\t\t\t<ul class=\"elementor-icon-list-items\">\n\t\t\t\t\t\t\t<li class=\"elementor-icon-list-item\">\n\t\t\t\t\t\t\t\t\t\t\t<span class=\"elementor-icon-list-icon\">\n\t\t\t\t\t\t\t<i aria-hidden=\"true\" class=\"far fa-check-circle\"><\/i>\t\t\t\t\t\t<\/span>\n\t\t\t\t\t\t\t\t\t\t<span class=\"elementor-icon-list-text\">Dipl\u00f4mes de massage enti\u00e8rement accr\u00e9dit\u00e9s<\/span>\n\t\t\t\t\t\t\t\t\t<\/li>\n\t\t\t\t\t\t\t\t<li class=\"elementor-icon-list-item\">\n\t\t\t\t\t\t\t\t\t\t\t<span class=\"elementor-icon-list-icon\">\n\t\t\t\t\t\t\t<i aria-hidden=\"true\" class=\"far fa-check-circle\"><\/i>\t\t\t\t\t\t<\/span>\n\t\t\t\t\t\t\t\t\t\t<span class=\"elementor-icon-list-text\">Obtenez des qualifications professionnelles reconnues.<\/span>\n\t\t\t\t\t\t\t\t\t<\/li>\n\t\t\t\t\t\t<\/ul>\n\t\t\t\t<\/div>\n\t\t\t\t<\/div>\n\t\t\t\t\t<\/div>\n\t\t<\/div>\n\t\t\t\t\t<\/div>\n\t\t<\/section>\n\t\t\t\t<section class=\"elementor-section elementor-top-section elementor-element elementor-element-aa58381 thsn-col-stretched-both elementor-section-stretched elementor-section-content-middle thsn-bg-color-over-image elementor-section-boxed elementor-section-height-default elementor-section-height-default\" data-id=\"aa58381\" data-element_type=\"section\" data-settings=\"{&quot;stretch_section&quot;:&quot;section-stretched&quot;}\">\n\t\t\t\t\t\t<div class=\"elementor-container elementor-column-gap-default\">\n\t\t\t\t\t<div class=\"elementor-column elementor-col-50 elementor-top-column elementor-element elementor-element-d55e3d8 thsn-bg-color-yes thsn-elementor-bg-color-light thsn-bg-color-over-image\" data-id=\"d55e3d8\" data-element_type=\"column\">\n\t\t\t<div class=\"elementor-widget-wrap elementor-element-populated\">\n\t\t\t\t\t\t<div class=\"elementor-element elementor-element-75f1614 thsn-align-left elementor-widget elementor-widget-thsn_testimonial_element\" data-id=\"75f1614\" data-element_type=\"widget\" data-widget_type=\"thsn_testimonial_element.default\">\n\t\t\t\t<div class=\"elementor-widget-container\">\n\t\t\t\r\n\t\t<div class=\"themesion-element themesion-element-testimonial thsn-element-testimonial-style-3 themesion-element-viewtype-carousel themesion-gap-30px thsn-infinite-scroll-no thsn-infinite-scroll-button-no\" data-cpt=\"testimonial\" data-totalpagination=\"2\" data-style=\"3\" data-show=\"3\" data-columns=\"2\" data-loop=\"false\" data-autoplay=\"false\" data-center=\"false\" data-nav=\"false\" data-dots=\"false\" data-autoplayspeed=\"1000\" data-margin=\"30px\"><div class=\"themesion-element-inner\"><div class=\"thsn-infinite-scroll-data\">{\"cpt\":\"testimonial\",\"style\":\"3\",\"columns\":\"2\",\"show\":3,\"order\":\"DESC\",\"orderby\":\"DESC\"}<\/div>\t\t\t\t<div class=\"thsn-ele-header-area\">\r\n\t\t\t\t\t\t<div class=\"thsn-heading-subheading left-align thsn-reverse-heading-yes\"><h4 class=\"thsn-element-subtitle\">\r\n\t\t\t\r\n\t\t\t\tTestimonial\r\n\t\t\t\r\n\t\t\t<\/h4>\r\n\t\t<h2 class=\"thsn-element-title\">\r\n\t\t\t\r\n\t\t\t\tWhat People Say about Us\r\n\t\t\t\r\n\t\t\t<\/h2>\r\n\t\t<\/div>\t\t\t\t<\/div>\r\n\t\t\t\t\t<div class=\"thsn-carousel-navs\">\r\n\t\t\t\t\t\t<a href=\"#\" class=\"thsn-carousel-prev\"><i class=\"thsn-base-icon-right-arrow-2\"><\/i><\/a>\r\n\t\t\t\t\t\t<a href=\"#\" class=\"thsn-carousel-next\"><i class=\"thsn-base-icon-right-arrow-2\"><\/i><\/a>\r\n\t\t\t\t\t<\/div>\r\n\t\t\t\t\r\n\t\t\t\t\r\n\t\t\t<div class=\"thsn-element-posts-wrapper row multi-columns-row\">\r\n\t\t\t<article class=\"thsn-ele thsn-ele-testimonial thsn-testimonial-style-3 col-md-6  thsn-odd thsn-col-odd\"><div class=\"themesion-post-item\">\r\n\t<div class=\"themesion-box-content\">\t\r\n\t\t<div class=\"themesion-testimonial-wrapper\">\r\n\t\t\t<div class=\"themesion-box-desc\">\r\n\t\t\t\t<blockquote class=\"themesion-testimonial-text\"><p>Best therapist, knowledgeable and focus on your needs.<br \/>Highly recommended.<\/p>\n<\/blockquote>\r\n\t\t\t\t<div class=\"themesion-box-star-ratings\"><i class=\"thsn-base-icon-star thsn-active\"><\/i><i class=\"thsn-base-icon-star thsn-active\"><\/i><i class=\"thsn-base-icon-star thsn-active\"><\/i><i class=\"thsn-base-icon-star thsn-active\"><\/i><i class=\"thsn-base-icon-star thsn-active\"><\/i><\/div>\t\t\t<\/div>\r\n\t\t\t<div class=\"themesion-box-img d-flex align-items-center\">\r\n\t\t\t\t\t\t\t\t<div class=\"themesion-box-author\">\r\n\t\t\t\t\t<h3 class=\"themesion-box-title\">AK<\/h3>\r\n\t\t\t\t\t\t\t\t\t<\/div>\r\n\t\t\t<\/div>\r\n\t\t<\/div>\r\n\t<\/div>\t\r\n<\/div><\/article><article class=\"thsn-ele thsn-ele-testimonial thsn-testimonial-style-3 col-md-6  thsn-even thsn-col-odd\"><div class=\"themesion-post-item\">\r\n\t<div class=\"themesion-box-content\">\t\r\n\t\t<div class=\"themesion-testimonial-wrapper\">\r\n\t\t\t<div class=\"themesion-box-desc\">\r\n\t\t\t\t<blockquote class=\"themesion-testimonial-text\"><p>The best mentor not because he is my dad but he taught me how to be a top trainer while being humble and nice to people.<\/p>\n<\/blockquote>\r\n\t\t\t\t<div class=\"themesion-box-star-ratings\"><i class=\"thsn-base-icon-star thsn-active\"><\/i><i class=\"thsn-base-icon-star thsn-active\"><\/i><i class=\"thsn-base-icon-star thsn-active\"><\/i><i class=\"thsn-base-icon-star thsn-active\"><\/i><i class=\"thsn-base-icon-star thsn-active\"><\/i><\/div>\t\t\t<\/div>\r\n\t\t\t<div class=\"themesion-box-img d-flex align-items-center\">\r\n\t\t\t\t\t\t\t\t<div class=\"themesion-box-author\">\r\n\t\t\t\t\t<h3 class=\"themesion-box-title\">HJ<\/h3>\r\n\t\t\t\t\t\t\t\t\t<\/div>\r\n\t\t\t<\/div>\r\n\t\t<\/div>\r\n\t<\/div>\t\r\n<\/div><\/article><article class=\"thsn-ele thsn-ele-testimonial thsn-testimonial-style-3 col-md-6  thsn-odd thsn-col-even\"><div class=\"themesion-post-item\">\r\n\t<div class=\"themesion-box-content\">\t\r\n\t\t<div class=\"themesion-testimonial-wrapper\">\r\n\t\t\t<div class=\"themesion-box-desc\">\r\n\t\t\t\t<blockquote class=\"themesion-testimonial-text\"><p>The best mentor not because he is my dad but he taught me how to be a top trainer while being humble and nice to people.<\/p>\n<\/blockquote>\r\n\t\t\t\t<div class=\"themesion-box-star-ratings\"><i class=\"thsn-base-icon-star thsn-active\"><\/i><i class=\"thsn-base-icon-star thsn-active\"><\/i><i class=\"thsn-base-icon-star thsn-active\"><\/i><i class=\"thsn-base-icon-star thsn-active\"><\/i><i class=\"thsn-base-icon-star thsn-active\"><\/i><\/div>\t\t\t<\/div>\r\n\t\t\t<div class=\"themesion-box-img d-flex align-items-center\">\r\n\t\t\t\t\t\t\t\t<div class=\"themesion-box-author\">\r\n\t\t\t\t\t<h3 class=\"themesion-box-title\">HJ<\/h3>\r\n\t\t\t\t\t\t\t\t\t<\/div>\r\n\t\t\t<\/div>\r\n\t\t<\/div>\r\n\t<\/div>\t\r\n<\/div><\/article>\r\n\t\t\t<\/div>\r\n\r\n\t\t\t\r\n\t\t\r\n\t\t\r\n\t\t<\/div><!-- .themesion-element-inner -->   <\/div><!-- .themesion-element -->  \r\n\t    \t\t<\/div>\n\t\t\t\t<\/div>\n\t\t\t\t\t<\/div>\n\t\t<\/div>\n\t\t\t\t<div class=\"elementor-column elementor-col-50 elementor-top-column elementor-element elementor-element-9e383dc thsn-bg-color-over-image\" data-id=\"9e383dc\" data-element_type=\"column\" data-settings=\"{&quot;background_background&quot;:&quot;classic&quot;}\">\n\t\t\t<div class=\"elementor-widget-wrap elementor-element-populated\">\n\t\t\t\t\t\t<div class=\"elementor-element elementor-element-10dc306 elementor-widget elementor-widget-thsn_fid_element\" data-id=\"10dc306\" data-element_type=\"widget\" data-widget_type=\"thsn_fid_element.default\">\n\t\t\t\t<div class=\"elementor-widget-container\">\n\t\t\t<div class=\"themesion-ele themesion-ele-fid themesion-ele-fid-style-2 \"><div class=\"thsn-fld-contents\">\r\n\t<div class=\"thsn-sbox-icon-wrapper\"><i class=\"fas fa-star\"><\/i><\/div>\t<div class=\"thsn-fid-title\"><h5><\/h5><\/div>\r\n\t<div class=\"thsn-fld-wrap\">\r\n\t\t<h4 class=\"thsn-fid-inner\">\r\n\t\t\t\t\t\t<span class=\"thsn-number-rotate\" data-appear-animation=\"animateDigits\" data-from=\"0\" data-to=\"\" data-interval=\"\" data-before=\"\" data-before-style=\"\" data-after=\"\" data-after-style=\"\">\r\n\t\t\t\t\t\t<\/span><span class=\"thsn-fid\"><\/span>\r\n\t\t<\/h4>\r\n\t\t\t\t<div class=\"thsn-heading-desc\">Formateur avec plus de 30 ans d'exp\u00e9rience<\/div>\t<\/div>\r\n<\/div><!-- .thsn-fld-contents -->\r\n<\/div>\t\t<\/div>\n\t\t\t\t<\/div>\n\t\t\t\t\t<\/div>\n\t\t<\/div>\n\t\t\t\t\t<\/div>\n\t\t<\/section>\n\t\t\t\t<\/div>\n\t\t","protected":false},"excerpt":{"rendered":"<p>Complementary Therapies (Ile Maurice) Co Ltd propose une vari\u00e9t\u00e9 de cours accr\u00e9dit\u00e9s en th\u00e9rapie par le massage. Aromath\u00e9rapie : Les aromath\u00e9rapeutes utilisent des huiles essentielles provenant de plantes pour favoriser la d\u00e9tente et le bien-\u00eatre. R\u00e9flexologie plantaire : Cette th\u00e9rapie compl\u00e9mentaire se concentre sur des points sp\u00e9cifiques des pieds pour am\u00e9liorer la sant\u00e9 globale. Shiatsu: Une forme japonaise de th\u00e9rapie par le massage qui implique des techniques de pression et[&hellip;]<\/p>\n","protected":false},"author":1,"featured_media":0,"parent":0,"menu_order":1,"comment_status":"closed","ping_status":"closed","template":"","meta":{"_acf_changed":false,"_uag_custom_page_level_css":"","footnotes":""},"class_list":["post-1822","page","type-page","status-publish","hentry"],"acf":[],"uagb_featured_image_src":{"full":false,"thumbnail":false,"medium":false,"medium_large":false,"large":false,"1536x1536":false,"2048x2048":false,"thsn-img-800x770":false,"thsn-img-500x700":false,"thsn-img-600x800":false,"thsn-img-770x350":false,"thsn-img-600x700":false,"thsn-img-770x635":false,"thsn-img-770x500":false,"thsn-img-770x9999":false,"thsn-img-770x770":false,"thsn-img-300x300":false,"thsn-img-500x560":false,"thsn-img-800x256":false},"uagb_author_info":{"display_name":"webmaster.jblapierre","author_link":"https:\/\/complementary-therapies.com\/mauritius\/author\/webmaster-jblapierre\/"},"uagb_comment_info":0,"uagb_excerpt":"Complementary Therapies (Ile Maurice) Co Ltd propose une vari\u00e9t\u00e9 de cours accr\u00e9dit\u00e9s en th\u00e9rapie par le massage. Aromath\u00e9rapie : Les aromath\u00e9rapeutes utilisent des huiles essentielles provenant de plantes pour favoriser la d\u00e9tente et le bien-\u00eatre. R\u00e9flexologie plantaire : Cette th\u00e9rapie compl\u00e9mentaire se concentre sur des points sp\u00e9cifiques des pieds pour am\u00e9liorer la sant\u00e9 globale. Shiatsu:&hellip;","_links":{"self":[{"href":"https:\/\/complementary-therapies.com\/mauritius\/wp-json\/wp\/v2\/pages\/1822"}],"collection":[{"href":"https:\/\/complementary-therapies.com\/mauritius\/wp-json\/wp\/v2\/pages"}],"about":[{"href":"https:\/\/complementary-therapies.com\/mauritius\/wp-json\/wp\/v2\/types\/page"}],"author":[{"embeddable":true,"href":"https:\/\/complementary-therapies.com\/mauritius\/wp-json\/wp\/v2\/users\/1"}],"replies":[{"embeddable":true,"href":"https:\/\/complementary-therapies.com\/mauritius\/wp-json\/wp\/v2\/comments?post=1822"}],"version-history":[{"count":17,"href":"https:\/\/complementary-therapies.com\/mauritius\/wp-json\/wp\/v2\/pages\/1822\/revisions"}],"predecessor-version":[{"id":1959,"href":"https:\/\/complementary-therapies.com\/mauritius\/wp-json\/wp\/v2\/pages\/1822\/revisions\/1959"}],"wp:attachment":[{"href":"https:\/\/complementary-therapies.com\/mauritius\/wp-json\/wp\/v2\/media?parent=1822"}],"curies":[{"name":"wp","href":"https:\/\/api.w.org\/{rel}","templated":true}]}}