{"id":1827,"date":"2024-09-28T07:17:03","date_gmt":"2024-09-28T07:17:03","guid":{"rendered":"https:\/\/complementary-therapies.com\/mauritius\/?page_id=1827"},"modified":"2024-09-28T11:47:39","modified_gmt":"2024-09-28T11:47:39","slug":"a-propos","status":"publish","type":"page","link":"https:\/\/complementary-therapies.com\/mauritius\/fr\/a-propos\/","title":{"rendered":"A propos"},"content":{"rendered":"\t\t<div data-elementor-type=\"wp-page\" data-elementor-id=\"1827\" class=\"elementor elementor-1827\">\n\t\t\t\t\t\t<section class=\"elementor-section elementor-top-section elementor-element elementor-element-c42fecf thsn-col-stretched-left thsn-bg-image-over-color elementor-section-content-middle elementor-section-stretched elementor-section-boxed elementor-section-height-default elementor-section-height-default\" data-id=\"c42fecf\" data-element_type=\"section\" data-settings=\"{&quot;stretch_section&quot;:&quot;section-stretched&quot;}\">\n\t\t\t\t\t\t\t<div class=\"elementor-background-overlay\"><\/div>\n\t\t\t\t\t\t\t<div class=\"elementor-container elementor-column-gap-no\">\n\t\t\t\t\t<div class=\"elementor-column elementor-col-50 elementor-top-column elementor-element elementor-element-1a92546 thsn-bg-color-yes thsn-elementor-bg-color-globalcolor thsn-bg-image-over-color thsn-text-color-white\" data-id=\"1a92546\" data-element_type=\"column\">\n\t\t\t<div class=\"elementor-widget-wrap elementor-element-populated\">\n\t\t\t\t\t\t<div class=\"elementor-element elementor-element-8d378d2 elementor-widget elementor-widget-image\" data-id=\"8d378d2\" data-element_type=\"widget\" data-widget_type=\"image.default\">\n\t\t\t\t<div class=\"elementor-widget-container\">\n\t\t\t\t\t\t\t\t\t\t\t\t\t<img fetchpriority=\"high\" decoding=\"async\" width=\"600\" height=\"400\" src=\"https:\/\/complementary-therapies.com\/mauritius\/wp-content\/uploads\/2024\/09\/complementarytherapiesmauritius02.webp\" class=\"attachment-medium_large size-medium_large wp-image-1574\" alt=\"\" srcset=\"https:\/\/complementary-therapies.com\/mauritius\/wp-content\/uploads\/2024\/09\/complementarytherapiesmauritius02.webp 600w, https:\/\/complementary-therapies.com\/mauritius\/wp-content\/uploads\/2024\/09\/complementarytherapiesmauritius02-300x200.webp 300w\" sizes=\"(max-width: 600px) 100vw, 600px\" \/>\t\t\t\t\t\t\t\t\t\t\t\t\t<\/div>\n\t\t\t\t<\/div>\n\t\t\t\t\t<\/div>\n\t\t<\/div>\n\t\t\t\t<div class=\"elementor-column elementor-col-50 elementor-top-column elementor-element elementor-element-8e20df5 thsn-bg-color-over-image\" data-id=\"8e20df5\" data-element_type=\"column\">\n\t\t\t<div class=\"elementor-widget-wrap elementor-element-populated\">\n\t\t\t\t\t\t<div class=\"elementor-element elementor-element-d8b4083 thsn-align-left elementor-widget elementor-widget-thsn_heading\" data-id=\"d8b4083\" data-element_type=\"widget\" data-widget_type=\"thsn_heading.default\">\n\t\t\t\t<div class=\"elementor-widget-container\">\n\t\t\t\t<div class=\"thsn-heading-subheading left-align thsn-reverse-heading-yes\"><h2 class=\"thsn-element-title\">\r\n\t\t\t\r\n\t\t\t\t\nQu'est-ce que la th\u00e9rapie compl\u00e9mentaire ?\r\n\t\t\t\r\n\t\t\t<\/h2>\r\n\t\t<\/div>\t\t<\/div>\n\t\t\t\t<\/div>\n\t\t\t\t<div class=\"elementor-element elementor-element-026d98a elementor-widget elementor-widget-text-editor\" data-id=\"026d98a\" data-element_type=\"widget\" data-widget_type=\"text-editor.default\">\n\t\t\t\t<div class=\"elementor-widget-container\">\n\t\t\t\t\t\t\t<p><strong>La th\u00e9rapie compl\u00e9mentaire <\/strong>est un terme utilis\u00e9 pour d\u00e9crire des types de traitements que vous pouvez recevoir en compl\u00e9ment des th\u00e9rapies traditionnelles occidentales.<\/p><p><strong>Quels sont les bienfaits pour la sant\u00e9 des approches de th\u00e9rapie compl\u00e9mentaire ?<\/strong><br \/>Chaque type de th\u00e9rapie compl\u00e9mentaire peut cibler un aspect sp\u00e9cifique de votre sant\u00e9. En g\u00e9n\u00e9ral, les approches compl\u00e9mentaires peuvent offrir un ou plusieurs des bienfaits suivants :<\/p>\t\t\t\t\t\t<\/div>\n\t\t\t\t<\/div>\n\t\t\t\t<div class=\"elementor-element elementor-element-a6d7fef elementor-icon-list--layout-traditional elementor-list-item-link-full_width elementor-widget elementor-widget-icon-list\" data-id=\"a6d7fef\" data-element_type=\"widget\" data-widget_type=\"icon-list.default\">\n\t\t\t\t<div class=\"elementor-widget-container\">\n\t\t\t\t\t<ul class=\"elementor-icon-list-items\">\n\t\t\t\t\t\t\t<li class=\"elementor-icon-list-item\">\n\t\t\t\t\t\t\t\t\t\t\t<span class=\"elementor-icon-list-icon\">\n\t\t\t\t\t\t\t<i aria-hidden=\"true\" class=\"far fa-check-circle\"><\/i>\t\t\t\t\t\t<\/span>\n\t\t\t\t\t\t\t\t\t\t<span class=\"elementor-icon-list-text\">Soulage la douleur.<\/span>\n\t\t\t\t\t\t\t\t\t<\/li>\n\t\t\t\t\t\t\t\t<li class=\"elementor-icon-list-item\">\n\t\t\t\t\t\t\t\t\t\t\t<span class=\"elementor-icon-list-icon\">\n\t\t\t\t\t\t\t<i aria-hidden=\"true\" class=\"far fa-check-circle\"><\/i>\t\t\t\t\t\t<\/span>\n\t\t\t\t\t\t\t\t\t\t<span class=\"elementor-icon-list-text\">R\u00e9duit l'anxi\u00e9t\u00e9 et le stress.<\/span>\n\t\t\t\t\t\t\t\t\t<\/li>\n\t\t\t\t\t\t\t\t<li class=\"elementor-icon-list-item\">\n\t\t\t\t\t\t\t\t\t\t\t<span class=\"elementor-icon-list-icon\">\n\t\t\t\t\t\t\t<i aria-hidden=\"true\" class=\"far fa-check-circle\"><\/i>\t\t\t\t\t\t<\/span>\n\t\t\t\t\t\t\t\t\t\t<span class=\"elementor-icon-list-text\">R\u00e9duit les naus\u00e9es.<\/span>\n\t\t\t\t\t\t\t\t\t<\/li>\n\t\t\t\t\t\t\t\t<li class=\"elementor-icon-list-item\">\n\t\t\t\t\t\t\t\t\t\t\t<span class=\"elementor-icon-list-icon\">\n\t\t\t\t\t\t\t<i aria-hidden=\"true\" class=\"far fa-check-circle\"><\/i>\t\t\t\t\t\t<\/span>\n\t\t\t\t\t\t\t\t\t\t<span class=\"elementor-icon-list-text\">Am\u00e9liore l'humeur.<\/span>\n\t\t\t\t\t\t\t\t\t<\/li>\n\t\t\t\t\t\t\t\t<li class=\"elementor-icon-list-item\">\n\t\t\t\t\t\t\t\t\t\t\t<span class=\"elementor-icon-list-icon\">\n\t\t\t\t\t\t\t<i aria-hidden=\"true\" class=\"far fa-check-circle\"><\/i>\t\t\t\t\t\t<\/span>\n\t\t\t\t\t\t\t\t\t\t<span class=\"elementor-icon-list-text\">Augmente la relaxation.<\/span>\n\t\t\t\t\t\t\t\t\t<\/li>\n\t\t\t\t\t\t\t\t<li class=\"elementor-icon-list-item\">\n\t\t\t\t\t\t\t\t\t\t\t<span class=\"elementor-icon-list-icon\">\n\t\t\t\t\t\t\t<i aria-hidden=\"true\" class=\"far fa-check-circle\"><\/i>\t\t\t\t\t\t<\/span>\n\t\t\t\t\t\t\t\t\t\t<span class=\"elementor-icon-list-text\">Am\u00e9liore la gu\u00e9rison des plaies.<\/span>\n\t\t\t\t\t\t\t\t\t<\/li>\n\t\t\t\t\t\t\t\t<li class=\"elementor-icon-list-item\">\n\t\t\t\t\t\t\t\t\t\t\t<span class=\"elementor-icon-list-icon\">\n\t\t\t\t\t\t\t<i aria-hidden=\"true\" class=\"far fa-check-circle\"><\/i>\t\t\t\t\t\t<\/span>\n\t\t\t\t\t\t\t\t\t\t<span class=\"elementor-icon-list-text\">Encourage les sentiments de bien-\u00eatre, de plaisir, de positivit\u00e9 et de paix int\u00e9rieure.<\/span>\n\t\t\t\t\t\t\t\t\t<\/li>\n\t\t\t\t\t\t\t\t<li class=\"elementor-icon-list-item\">\n\t\t\t\t\t\t\t\t\t\t\t<span class=\"elementor-icon-list-icon\">\n\t\t\t\t\t\t\t<i aria-hidden=\"true\" class=\"far fa-check-circle\"><\/i>\t\t\t\t\t\t<\/span>\n\t\t\t\t\t\t\t\t\t\t<span class=\"elementor-icon-list-text\">Soulage les tensions musculaires.<\/span>\n\t\t\t\t\t\t\t\t\t<\/li>\n\t\t\t\t\t\t\t\t<li class=\"elementor-icon-list-item\">\n\t\t\t\t\t\t\t\t\t\t\t<span class=\"elementor-icon-list-icon\">\n\t\t\t\t\t\t\t<i aria-hidden=\"true\" class=\"far fa-check-circle\"><\/i>\t\t\t\t\t\t<\/span>\n\t\t\t\t\t\t\t\t\t\t<span class=\"elementor-icon-list-text\">Diminue la fatigue.<\/span>\n\t\t\t\t\t\t\t\t\t<\/li>\n\t\t\t\t\t\t\t\t<li class=\"elementor-icon-list-item\">\n\t\t\t\t\t\t\t\t\t\t\t<span class=\"elementor-icon-list-icon\">\n\t\t\t\t\t\t\t<i aria-hidden=\"true\" class=\"far fa-check-circle\"><\/i>\t\t\t\t\t\t<\/span>\n\t\t\t\t\t\t\t\t\t\t<span class=\"elementor-icon-list-text\">Am\u00e9liore la flexibilit\u00e9 et la circulation sanguine.<\/span>\n\t\t\t\t\t\t\t\t\t<\/li>\n\t\t\t\t\t\t<\/ul>\n\t\t\t\t<\/div>\n\t\t\t\t<\/div>\n\t\t\t\t<div class=\"elementor-element elementor-element-3c65b95 elementor-widget elementor-widget-text-editor\" data-id=\"3c65b95\" data-element_type=\"widget\" data-widget_type=\"text-editor.default\">\n\t\t\t\t<div class=\"elementor-widget-container\">\n\t\t\t\t\t\t\t<p><strong>LAISSEZ-NOUS VOUS INSPIRER \u00c0 DEVENIR LE MEILLEUR DE VOUS-M\u00caME<\/strong><br \/>Vous envisagez de d\u00e9buter une carri\u00e8re en tant que massoth\u00e9rapeute ? Nos cours de dipl\u00f4mes accr\u00e9dit\u00e9s en massage peuvent vous aider \u00e0 obtenir une qualification et \u00e0 \u00eatre rapidement pr\u00eat \u00e0 travailler.<\/p>\t\t\t\t\t\t<\/div>\n\t\t\t\t<\/div>\n\t\t\t\t\t<\/div>\n\t\t<\/div>\n\t\t\t\t\t<\/div>\n\t\t<\/section>\n\t\t\t\t<section class=\"elementor-section elementor-top-section elementor-element elementor-element-6a5d7000 thsn-bg-color-yes thsn-elementor-bg-color-light thsn-bg-image-over-color elementor-section-stretched thsn-col-stretched-none elementor-section-boxed elementor-section-height-default elementor-section-height-default\" data-id=\"6a5d7000\" data-element_type=\"section\" data-settings=\"{&quot;stretch_section&quot;:&quot;section-stretched&quot;,&quot;background_background&quot;:&quot;classic&quot;}\">\n\t\t\t\t\t\t<div class=\"elementor-container elementor-column-gap-no\">\n\t\t\t\t\t<div class=\"elementor-column elementor-col-100 elementor-top-column elementor-element elementor-element-22139ec8 thsn-bg-color-over-image\" data-id=\"22139ec8\" data-element_type=\"column\">\n\t\t\t<div class=\"elementor-widget-wrap elementor-element-populated\">\n\t\t\t\t\t\t<div class=\"elementor-element elementor-element-6003b31e elementor-widget__width-auto elementor-widget elementor-widget-thsn_icon_heading\" data-id=\"6003b31e\" data-element_type=\"widget\" data-widget_type=\"thsn_icon_heading.default\">\n\t\t\t\t<div class=\"elementor-widget-container\">\n\t\t\t<div class=\"thsn-ihbox thsn-ihbox-style-9\"><div class=\"thsn-ihbox-box d-flex align-items-center\">\r\n\t<div class=\"thsn-ihbox-icon\"><div class=\"thsn-ihbox-icon-wrapper thsn-ihbox-icon-type-image\"><img decoding=\"async\" src=\"https:\/\/complementary-therapies.com\/mauritius\/wp-content\/uploads\/2024\/09\/complementarytherapies.jpg\" alt=\"Contactez nous sur  58293406 \/ 57551986\" \/><\/div><\/div>\t<div class=\"thsn-ihbox-contents\">\r\n\r\n\t\t<h2 class=\"thsn-element-title\">\r\n\t\t\t\t\t\r\n\t\t\t\t\t\tContactez nous sur  58293406 \/ 57551986\r\n\t\t\t\t\t\r\n\t\t\t\t\t<\/h2>\r\n\t\t\t\t\t\r\n\t\t\t\r\n\t\t<div class=\"thsn-heading-desc\">Cours de dipl\u00f4me en massage enti\u00e8rement accr\u00e9dit\u00e9s<\/div>\t\t\t<\/div><!-- .thsn-ihbox-contents -->\r\n<\/div>\r\n<\/div>\t\t<\/div>\n\t\t\t\t<\/div>\n\t\t\t\t\t<\/div>\n\t\t<\/div>\n\t\t\t\t\t<\/div>\n\t\t<\/section>\n\t\t\t\t<section class=\"elementor-section elementor-top-section elementor-element elementor-element-3d9c26f thsn-bg-color-yes thsn-elementor-bg-color-white thsn-col-stretched-none thsn-bg-color-over-image elementor-section-boxed elementor-section-height-default elementor-section-height-default\" data-id=\"3d9c26f\" data-element_type=\"section\">\n\t\t\t\t\t\t<div class=\"elementor-container elementor-column-gap-no\">\n\t\t\t\t\t<div class=\"elementor-column elementor-col-100 elementor-top-column elementor-element elementor-element-21e2f077 thsn-bg-color-over-image\" data-id=\"21e2f077\" data-element_type=\"column\">\n\t\t\t<div class=\"elementor-widget-wrap elementor-element-populated\">\n\t\t\t\t\t\t<div class=\"elementor-element elementor-element-21ee2915 thsn-align-center elementor-widget elementor-widget-thsn_testimonial_element\" data-id=\"21ee2915\" data-element_type=\"widget\" data-widget_type=\"thsn_testimonial_element.default\">\n\t\t\t\t<div class=\"elementor-widget-container\">\n\t\t\t\r\n\t\t<div class=\"themesion-element themesion-element-testimonial thsn-element-testimonial-style-3 themesion-element-viewtype-carousel themesion-gap-30px thsn-infinite-scroll-no thsn-infinite-scroll-button-no\" data-cpt=\"testimonial\" data-totalpagination=\"1\" data-style=\"3\" data-show=\"6\" data-columns=\"2\" data-loop=\"false\" data-autoplay=\"false\" data-center=\"false\" data-nav=\"false\" data-dots=\"true\" data-autoplayspeed=\"1000\" data-margin=\"30px\"><div class=\"themesion-element-inner\"><div class=\"thsn-infinite-scroll-data\">{\"cpt\":\"testimonial\",\"style\":\"3\",\"columns\":\"2\",\"show\":\"6\",\"order\":\"DESC\",\"orderby\":\"DESC\"}<\/div>\t\t\t\t<div class=\"thsn-ele-header-area\">\r\n\t\t\t\t\t\t<div class=\"thsn-heading-subheading center-align thsn-reverse-heading-yes\"><h4 class=\"thsn-element-subtitle\">\r\n\t\t\t\r\n\t\t\t\tTestimonials\r\n\t\t\t\r\n\t\t\t<\/h4>\r\n\t\t<h2 class=\"thsn-element-title\">\r\n\t\t\t\r\n\t\t\t\tWhat our clients say about us\r\n\t\t\t\r\n\t\t\t<\/h2>\r\n\t\t<\/div>\t\t\t\t<\/div>\r\n\t\t\t\t\t<div class=\"thsn-carousel-navs\">\r\n\t\t\t\t\t\t<a href=\"#\" class=\"thsn-carousel-prev\"><i class=\"thsn-base-icon-right-arrow-2\"><\/i><\/a>\r\n\t\t\t\t\t\t<a href=\"#\" class=\"thsn-carousel-next\"><i class=\"thsn-base-icon-right-arrow-2\"><\/i><\/a>\r\n\t\t\t\t\t<\/div>\r\n\t\t\t\t\r\n\t\t\t\t\r\n\t\t\t<div class=\"thsn-element-posts-wrapper row multi-columns-row\">\r\n\t\t\t<article class=\"thsn-ele thsn-ele-testimonial thsn-testimonial-style-3 col-md-6  thsn-odd thsn-col-odd\"><div class=\"themesion-post-item\">\r\n\t<div class=\"themesion-box-content\">\t\r\n\t\t<div class=\"themesion-testimonial-wrapper\">\r\n\t\t\t<div class=\"themesion-box-desc\">\r\n\t\t\t\t<blockquote class=\"themesion-testimonial-text\"><p>Best therapist, knowledgeable and focus on your needs.<br \/>Highly recommended.<\/p>\n<\/blockquote>\r\n\t\t\t\t<div class=\"themesion-box-star-ratings\"><i class=\"thsn-base-icon-star thsn-active\"><\/i><i class=\"thsn-base-icon-star thsn-active\"><\/i><i class=\"thsn-base-icon-star thsn-active\"><\/i><i class=\"thsn-base-icon-star thsn-active\"><\/i><i class=\"thsn-base-icon-star thsn-active\"><\/i><\/div>\t\t\t<\/div>\r\n\t\t\t<div class=\"themesion-box-img d-flex align-items-center\">\r\n\t\t\t\t\t\t\t\t<div class=\"themesion-box-author\">\r\n\t\t\t\t\t<h3 class=\"themesion-box-title\">AK<\/h3>\r\n\t\t\t\t\t\t\t\t\t<\/div>\r\n\t\t\t<\/div>\r\n\t\t<\/div>\r\n\t<\/div>\t\r\n<\/div><\/article><article class=\"thsn-ele thsn-ele-testimonial thsn-testimonial-style-3 col-md-6  thsn-even thsn-col-odd\"><div class=\"themesion-post-item\">\r\n\t<div class=\"themesion-box-content\">\t\r\n\t\t<div class=\"themesion-testimonial-wrapper\">\r\n\t\t\t<div class=\"themesion-box-desc\">\r\n\t\t\t\t<blockquote class=\"themesion-testimonial-text\"><p>The best mentor not because he is my dad but he taught me how to be a top trainer while being humble and nice to people.<\/p>\n<\/blockquote>\r\n\t\t\t\t<div class=\"themesion-box-star-ratings\"><i class=\"thsn-base-icon-star thsn-active\"><\/i><i class=\"thsn-base-icon-star thsn-active\"><\/i><i class=\"thsn-base-icon-star thsn-active\"><\/i><i class=\"thsn-base-icon-star thsn-active\"><\/i><i class=\"thsn-base-icon-star thsn-active\"><\/i><\/div>\t\t\t<\/div>\r\n\t\t\t<div class=\"themesion-box-img d-flex align-items-center\">\r\n\t\t\t\t\t\t\t\t<div class=\"themesion-box-author\">\r\n\t\t\t\t\t<h3 class=\"themesion-box-title\">HJ<\/h3>\r\n\t\t\t\t\t\t\t\t\t<\/div>\r\n\t\t\t<\/div>\r\n\t\t<\/div>\r\n\t<\/div>\t\r\n<\/div><\/article><article class=\"thsn-ele thsn-ele-testimonial thsn-testimonial-style-3 col-md-6  thsn-odd thsn-col-even\"><div class=\"themesion-post-item\">\r\n\t<div class=\"themesion-box-content\">\t\r\n\t\t<div class=\"themesion-testimonial-wrapper\">\r\n\t\t\t<div class=\"themesion-box-desc\">\r\n\t\t\t\t<blockquote class=\"themesion-testimonial-text\"><p>The best mentor not because he is my dad but he taught me how to be a top trainer while being humble and nice to people.<\/p>\n<\/blockquote>\r\n\t\t\t\t<div class=\"themesion-box-star-ratings\"><i class=\"thsn-base-icon-star thsn-active\"><\/i><i class=\"thsn-base-icon-star thsn-active\"><\/i><i class=\"thsn-base-icon-star thsn-active\"><\/i><i class=\"thsn-base-icon-star thsn-active\"><\/i><i class=\"thsn-base-icon-star thsn-active\"><\/i><\/div>\t\t\t<\/div>\r\n\t\t\t<div class=\"themesion-box-img d-flex align-items-center\">\r\n\t\t\t\t\t\t\t\t<div class=\"themesion-box-author\">\r\n\t\t\t\t\t<h3 class=\"themesion-box-title\">HJ<\/h3>\r\n\t\t\t\t\t\t\t\t\t<\/div>\r\n\t\t\t<\/div>\r\n\t\t<\/div>\r\n\t<\/div>\t\r\n<\/div><\/article><article class=\"thsn-ele thsn-ele-testimonial thsn-testimonial-style-3 col-md-6  thsn-even thsn-col-even\"><div class=\"themesion-post-item\">\r\n\t<div class=\"themesion-box-content\">\t\r\n\t\t<div class=\"themesion-testimonial-wrapper\">\r\n\t\t\t<div class=\"themesion-box-desc\">\r\n\t\t\t\t<blockquote class=\"themesion-testimonial-text\"><p>Best therapist, knowledgeable and focus on your needs.<br \/>Highly recommended.<\/p>\n<\/blockquote>\r\n\t\t\t\t<div class=\"themesion-box-star-ratings\"><i class=\"thsn-base-icon-star thsn-active\"><\/i><i class=\"thsn-base-icon-star thsn-active\"><\/i><i class=\"thsn-base-icon-star thsn-active\"><\/i><i class=\"thsn-base-icon-star thsn-active\"><\/i><i class=\"thsn-base-icon-star thsn-active\"><\/i><\/div>\t\t\t<\/div>\r\n\t\t\t<div class=\"themesion-box-img d-flex align-items-center\">\r\n\t\t\t\t\t\t\t\t<div class=\"themesion-box-author\">\r\n\t\t\t\t\t<h3 class=\"themesion-box-title\">AK<\/h3>\r\n\t\t\t\t\t\t\t\t\t<\/div>\r\n\t\t\t<\/div>\r\n\t\t<\/div>\r\n\t<\/div>\t\r\n<\/div><\/article>\r\n\t\t\t<\/div>\r\n\r\n\t\t\t\r\n\t\t\r\n\t\t\r\n\t\t<\/div><!-- .themesion-element-inner -->   <\/div><!-- .themesion-element -->  \r\n\t    \t\t<\/div>\n\t\t\t\t<\/div>\n\t\t\t\t\t<\/div>\n\t\t<\/div>\n\t\t\t\t\t<\/div>\n\t\t<\/section>\n\t\t\t\t<\/div>\n\t\t","protected":false},"excerpt":{"rendered":"<p>Qu&#8217;est-ce que la th\u00e9rapie compl\u00e9mentaire ? La th\u00e9rapie compl\u00e9mentaire est un terme utilis\u00e9 pour d\u00e9crire des types de traitements que vous pouvez recevoir en compl\u00e9ment des th\u00e9rapies traditionnelles occidentales. Quels sont les bienfaits pour la sant\u00e9 des approches de th\u00e9rapie compl\u00e9mentaire ?Chaque type de th\u00e9rapie compl\u00e9mentaire peut cibler un aspect sp\u00e9cifique de votre sant\u00e9. En g\u00e9n\u00e9ral, les approches compl\u00e9mentaires peuvent offrir un ou plusieurs des bienfaits suivants : Soulage la[&hellip;]<\/p>\n","protected":false},"author":1,"featured_media":0,"parent":0,"menu_order":2,"comment_status":"closed","ping_status":"closed","template":"","meta":{"_acf_changed":false,"_uag_custom_page_level_css":"","footnotes":""},"class_list":["post-1827","page","type-page","status-publish","hentry"],"acf":[],"uagb_featured_image_src":{"full":false,"thumbnail":false,"medium":false,"medium_large":false,"large":false,"1536x1536":false,"2048x2048":false,"thsn-img-800x770":false,"thsn-img-500x700":false,"thsn-img-600x800":false,"thsn-img-770x350":false,"thsn-img-600x700":false,"thsn-img-770x635":false,"thsn-img-770x500":false,"thsn-img-770x9999":false,"thsn-img-770x770":false,"thsn-img-300x300":false,"thsn-img-500x560":false,"thsn-img-800x256":false},"uagb_author_info":{"display_name":"webmaster.jblapierre","author_link":"https:\/\/complementary-therapies.com\/mauritius\/author\/webmaster-jblapierre\/"},"uagb_comment_info":0,"uagb_excerpt":"Qu&#8217;est-ce que la th\u00e9rapie compl\u00e9mentaire ? La th\u00e9rapie compl\u00e9mentaire est un terme utilis\u00e9 pour d\u00e9crire des types de traitements que vous pouvez recevoir en compl\u00e9ment des th\u00e9rapies traditionnelles occidentales. Quels sont les bienfaits pour la sant\u00e9 des approches de th\u00e9rapie compl\u00e9mentaire ?Chaque type de th\u00e9rapie compl\u00e9mentaire peut cibler un aspect sp\u00e9cifique de votre sant\u00e9. En&hellip;","_links":{"self":[{"href":"https:\/\/complementary-therapies.com\/mauritius\/wp-json\/wp\/v2\/pages\/1827"}],"collection":[{"href":"https:\/\/complementary-therapies.com\/mauritius\/wp-json\/wp\/v2\/pages"}],"about":[{"href":"https:\/\/complementary-therapies.com\/mauritius\/wp-json\/wp\/v2\/types\/page"}],"author":[{"embeddable":true,"href":"https:\/\/complementary-therapies.com\/mauritius\/wp-json\/wp\/v2\/users\/1"}],"replies":[{"embeddable":true,"href":"https:\/\/complementary-therapies.com\/mauritius\/wp-json\/wp\/v2\/comments?post=1827"}],"version-history":[{"count":7,"href":"https:\/\/complementary-therapies.com\/mauritius\/wp-json\/wp\/v2\/pages\/1827\/revisions"}],"predecessor-version":[{"id":1894,"href":"https:\/\/complementary-therapies.com\/mauritius\/wp-json\/wp\/v2\/pages\/1827\/revisions\/1894"}],"wp:attachment":[{"href":"https:\/\/complementary-therapies.com\/mauritius\/wp-json\/wp\/v2\/media?parent=1827"}],"curies":[{"name":"wp","href":"https:\/\/api.w.org\/{rel}","templated":true}]}}