{"id":1841,"date":"2024-09-28T07:24:38","date_gmt":"2024-09-28T07:24:38","guid":{"rendered":"https:\/\/complementary-therapies.com\/mauritius\/?page_id=1841"},"modified":"2024-09-28T12:03:38","modified_gmt":"2024-09-28T12:03:38","slug":"infos-metier","status":"publish","type":"page","link":"https:\/\/complementary-therapies.com\/mauritius\/fr\/infos-metier\/","title":{"rendered":"Infos m\u00e9tier"},"content":{"rendered":"\t\t<div data-elementor-type=\"wp-page\" data-elementor-id=\"1841\" class=\"elementor elementor-1841\">\n\t\t\t\t\t\t<section class=\"elementor-section elementor-top-section elementor-element elementor-element-fe3885e thsn-col-stretched-none thsn-bg-color-over-image elementor-section-boxed elementor-section-height-default elementor-section-height-default\" data-id=\"fe3885e\" data-element_type=\"section\">\n\t\t\t\t\t\t<div class=\"elementor-container elementor-column-gap-default\">\n\t\t\t\t\t<div class=\"elementor-column elementor-col-33 elementor-top-column elementor-element elementor-element-6592f6f thsn-bg-color-over-image\" data-id=\"6592f6f\" data-element_type=\"column\">\n\t\t\t<div class=\"elementor-widget-wrap elementor-element-populated\">\n\t\t\t\t\t\t<div class=\"elementor-element elementor-element-d7d7b4c elementor-widget elementor-widget-heading\" data-id=\"d7d7b4c\" data-element_type=\"widget\" data-widget_type=\"heading.default\">\n\t\t\t\t<div class=\"elementor-widget-container\">\n\t\t\t<h2 class=\"elementor-heading-title elementor-size-default\">Quelles sont les perspectives d'emploi pour les massoth\u00e9rapeutes ?<\/h2>\t\t<\/div>\n\t\t\t\t<\/div>\n\t\t\t\t<div class=\"elementor-element elementor-element-7e1897e elementor-widget elementor-widget-image\" data-id=\"7e1897e\" data-element_type=\"widget\" data-widget_type=\"image.default\">\n\t\t\t\t<div class=\"elementor-widget-container\">\n\t\t\t\t\t\t\t\t\t\t\t\t\t<img fetchpriority=\"high\" decoding=\"async\" width=\"446\" height=\"663\" src=\"https:\/\/complementary-therapies.com\/mauritius\/wp-content\/uploads\/2024\/09\/complementarytherapiesmauritius05.jpg\" class=\"attachment-large size-large wp-image-1628\" alt=\"\" srcset=\"https:\/\/complementary-therapies.com\/mauritius\/wp-content\/uploads\/2024\/09\/complementarytherapiesmauritius05.jpg 446w, https:\/\/complementary-therapies.com\/mauritius\/wp-content\/uploads\/2024\/09\/complementarytherapiesmauritius05-202x300.jpg 202w\" sizes=\"(max-width: 446px) 100vw, 446px\" \/>\t\t\t\t\t\t\t\t\t\t\t\t\t<\/div>\n\t\t\t\t<\/div>\n\t\t\t\t\t<\/div>\n\t\t<\/div>\n\t\t\t\t<div class=\"elementor-column elementor-col-66 elementor-top-column elementor-element elementor-element-bd89a9f thsn-bg-color-over-image\" data-id=\"bd89a9f\" data-element_type=\"column\">\n\t\t\t<div class=\"elementor-widget-wrap elementor-element-populated\">\n\t\t\t\t\t\t<div class=\"elementor-element elementor-element-1cede6c elementor-widget elementor-widget-text-editor\" data-id=\"1cede6c\" data-element_type=\"widget\" data-widget_type=\"text-editor.default\">\n\t\t\t\t<div class=\"elementor-widget-container\">\n\t\t\t\t\t\t\t<h6><strong>Certainement ! Les perspectives d&#8217;emploi pour les massoth\u00e9rapeutes sont tr\u00e8s prometteuses..<\/strong><\/h6><p>L&#8217;emploi dans ce domaine devrait cro\u00eetre de 18 % entre 2022 et 2032, ce qui est bien plus rapide que la moyenne de toutes les professions. En moyenne, il y aura environ 22 000 offres d&#8217;emploi pour les massoth\u00e9rapeutes chaque ann\u00e9e au cours de cette d\u00e9cennie. Donc, si vous envisagez une carri\u00e8re en th\u00e9rapie par le massage, c&#8217;est un bon moment pour explorer ce domaine !<\/p><h6><strong>Pr\u00e9paration \u00e0 un entretien d&#8217;embauche en th\u00e9rapie par le massage<\/strong><\/h6><p>Lorsque vous vous pr\u00e9parez pour un entretien d&#8217;embauche en massoth\u00e9rapie, il est essentiel d&#8217;anticiper les questions courantes et d&#8217;avoir des r\u00e9ponses r\u00e9fl\u00e9chies pr\u00eates. Voici quelques questions fr\u00e9quemment pos\u00e9es avec des conseils pour y r\u00e9pondre :<\/p><p><strong>1. Quelles techniques utilisez-vous pour \u00e9valuer les besoins d&#8217;un client et d\u00e9terminer l&#8217;approche de massage la plus adapt\u00e9e ?<\/strong><br \/>Montrez votre connaissance des diverses techniques de massage et insistez sur l&#8217;importance d&#8217;adapter les traitements aux besoins individuels.<\/p><p><strong>2. D\u00e9crivez votre exp\u00e9rience avec des clients souffrant de douleurs chroniques ou d&#8217;autres conditions m\u00e9dicales.<\/strong><br \/>Mettez en avant toute exp\u00e9rience pertinente et votre capacit\u00e9 \u00e0 adapter votre approche en fonction de conditions sp\u00e9cifiques.<\/p><p><strong>3. Comment vous assurez-vous que chaque client re\u00e7oive un plan de traitement personnalis\u00e9 ?<\/strong><br \/>Parlez de votre processus d&#8217;\u00e9valuation des clients, en prenant en compte leurs pr\u00e9f\u00e9rences, leurs ant\u00e9c\u00e9dents m\u00e9dicaux et les r\u00e9sultats souhait\u00e9s.<\/p><p><strong>4. Comment g\u00e9reriez-vous une situation dans laquelle un client se sentirait mal \u00e0 l&#8217;aise pendant une s\u00e9ance de massage ?<\/strong><br \/>Montrez de l&#8217;empathie, vos comp\u00e9tences en communication et votre capacit\u00e9 \u00e0 ajuster la s\u00e9ance pour r\u00e9pondre \u00e0 leurs pr\u00e9occupations.<\/p><p><strong>5. Connaissez-vous diff\u00e9rents types de massages tels que le su\u00e9dois, les tissus profonds, le sport, etc. ?<\/strong><br \/>Mettez en avant votre polyvalence et votre compr\u00e9hension des diff\u00e9rentes techniques.<\/p><p><strong>6. Quelles strat\u00e9gies utilisez-vous pour cr\u00e9er une atmosph\u00e8re relaxante pour vos clients ?<\/strong><br \/>Parlez de l&#8217;\u00e9clairage, de la musique et de votre approche globale pour favoriser la d\u00e9tente.<\/p><p><strong>7. Comment restez-vous inform\u00e9 des derni\u00e8res avanc\u00e9es en th\u00e9rapie par le massage ?<\/strong><br \/>Mentionnez toute formation continue, ateliers ou publications de l&#8217;industrie que vous suivez.<\/p><p><strong>8. Parlez-moi d&#8217;un moment o\u00f9 vous avez d\u00fb ajuster votre technique de massage en fonction des retours d&#8217;un client.<\/strong><br \/>Donnez un exemple concret qui d\u00e9montre votre flexibilit\u00e9 et votre r\u00e9activit\u00e9.<\/p><h5><strong>Rappelez-vous, la pr\u00e9paration et la confiance sont les cl\u00e9s du succ\u00e8s.<\/strong><\/h5>\t\t\t\t\t\t<\/div>\n\t\t\t\t<\/div>\n\t\t\t\t\t<\/div>\n\t\t<\/div>\n\t\t\t\t\t<\/div>\n\t\t<\/section>\n\t\t\t\t<section class=\"elementor-section elementor-top-section elementor-element elementor-element-3f0400e thsn-bg-color-yes thsn-elementor-bg-color-white thsn-col-stretched-none thsn-bg-color-over-image elementor-section-boxed elementor-section-height-default elementor-section-height-default\" data-id=\"3f0400e\" data-element_type=\"section\">\n\t\t\t\t\t\t<div class=\"elementor-container elementor-column-gap-no\">\n\t\t\t\t\t<div class=\"elementor-column elementor-col-100 elementor-top-column elementor-element elementor-element-3ae465c1 thsn-bg-color-over-image\" data-id=\"3ae465c1\" data-element_type=\"column\">\n\t\t\t<div class=\"elementor-widget-wrap elementor-element-populated\">\n\t\t\t\t\t\t<div class=\"elementor-element elementor-element-1f835ccd thsn-align-center elementor-widget elementor-widget-thsn_testimonial_element\" data-id=\"1f835ccd\" data-element_type=\"widget\" data-widget_type=\"thsn_testimonial_element.default\">\n\t\t\t\t<div class=\"elementor-widget-container\">\n\t\t\t\r\n\t\t<div class=\"themesion-element themesion-element-testimonial thsn-element-testimonial-style-3 themesion-element-viewtype-carousel themesion-gap-30px thsn-infinite-scroll-no thsn-infinite-scroll-button-no\" data-cpt=\"testimonial\" data-totalpagination=\"1\" data-style=\"3\" data-show=\"6\" data-columns=\"2\" data-loop=\"false\" data-autoplay=\"false\" data-center=\"false\" data-nav=\"false\" data-dots=\"true\" data-autoplayspeed=\"1000\" data-margin=\"30px\"><div class=\"themesion-element-inner\"><div class=\"thsn-infinite-scroll-data\">{\"cpt\":\"testimonial\",\"style\":\"3\",\"columns\":\"2\",\"show\":\"6\",\"order\":\"DESC\",\"orderby\":\"DESC\"}<\/div>\t\t\t\t<div class=\"thsn-ele-header-area\">\r\n\t\t\t\t\t\t<div class=\"thsn-heading-subheading center-align thsn-reverse-heading-yes\"><h4 class=\"thsn-element-subtitle\">\r\n\t\t\t\r\n\t\t\t\tTestimonials\r\n\t\t\t\r\n\t\t\t<\/h4>\r\n\t\t<h2 class=\"thsn-element-title\">\r\n\t\t\t\r\n\t\t\t\tWhat our clients say about us\r\n\t\t\t\r\n\t\t\t<\/h2>\r\n\t\t<\/div>\t\t\t\t<\/div>\r\n\t\t\t\t\t<div class=\"thsn-carousel-navs\">\r\n\t\t\t\t\t\t<a href=\"#\" class=\"thsn-carousel-prev\"><i class=\"thsn-base-icon-right-arrow-2\"><\/i><\/a>\r\n\t\t\t\t\t\t<a href=\"#\" class=\"thsn-carousel-next\"><i class=\"thsn-base-icon-right-arrow-2\"><\/i><\/a>\r\n\t\t\t\t\t<\/div>\r\n\t\t\t\t\r\n\t\t\t\t\r\n\t\t\t<div class=\"thsn-element-posts-wrapper row multi-columns-row\">\r\n\t\t\t<article class=\"thsn-ele thsn-ele-testimonial thsn-testimonial-style-3 col-md-6  thsn-odd thsn-col-odd\"><div class=\"themesion-post-item\">\r\n\t<div class=\"themesion-box-content\">\t\r\n\t\t<div class=\"themesion-testimonial-wrapper\">\r\n\t\t\t<div class=\"themesion-box-desc\">\r\n\t\t\t\t<blockquote class=\"themesion-testimonial-text\"><p>Best therapist, knowledgeable and focus on your needs.<br \/>Highly recommended.<\/p>\n<\/blockquote>\r\n\t\t\t\t<div class=\"themesion-box-star-ratings\"><i class=\"thsn-base-icon-star thsn-active\"><\/i><i class=\"thsn-base-icon-star thsn-active\"><\/i><i class=\"thsn-base-icon-star thsn-active\"><\/i><i class=\"thsn-base-icon-star thsn-active\"><\/i><i class=\"thsn-base-icon-star thsn-active\"><\/i><\/div>\t\t\t<\/div>\r\n\t\t\t<div class=\"themesion-box-img d-flex align-items-center\">\r\n\t\t\t\t\t\t\t\t<div class=\"themesion-box-author\">\r\n\t\t\t\t\t<h3 class=\"themesion-box-title\">AK<\/h3>\r\n\t\t\t\t\t\t\t\t\t<\/div>\r\n\t\t\t<\/div>\r\n\t\t<\/div>\r\n\t<\/div>\t\r\n<\/div><\/article><article class=\"thsn-ele thsn-ele-testimonial thsn-testimonial-style-3 col-md-6  thsn-even thsn-col-odd\"><div class=\"themesion-post-item\">\r\n\t<div class=\"themesion-box-content\">\t\r\n\t\t<div class=\"themesion-testimonial-wrapper\">\r\n\t\t\t<div class=\"themesion-box-desc\">\r\n\t\t\t\t<blockquote class=\"themesion-testimonial-text\"><p>The best mentor not because he is my dad but he taught me how to be a top trainer while being humble and nice to people.<\/p>\n<\/blockquote>\r\n\t\t\t\t<div class=\"themesion-box-star-ratings\"><i class=\"thsn-base-icon-star thsn-active\"><\/i><i class=\"thsn-base-icon-star thsn-active\"><\/i><i class=\"thsn-base-icon-star thsn-active\"><\/i><i class=\"thsn-base-icon-star thsn-active\"><\/i><i class=\"thsn-base-icon-star thsn-active\"><\/i><\/div>\t\t\t<\/div>\r\n\t\t\t<div class=\"themesion-box-img d-flex align-items-center\">\r\n\t\t\t\t\t\t\t\t<div class=\"themesion-box-author\">\r\n\t\t\t\t\t<h3 class=\"themesion-box-title\">HJ<\/h3>\r\n\t\t\t\t\t\t\t\t\t<\/div>\r\n\t\t\t<\/div>\r\n\t\t<\/div>\r\n\t<\/div>\t\r\n<\/div><\/article><article class=\"thsn-ele thsn-ele-testimonial thsn-testimonial-style-3 col-md-6  thsn-odd thsn-col-even\"><div class=\"themesion-post-item\">\r\n\t<div class=\"themesion-box-content\">\t\r\n\t\t<div class=\"themesion-testimonial-wrapper\">\r\n\t\t\t<div class=\"themesion-box-desc\">\r\n\t\t\t\t<blockquote class=\"themesion-testimonial-text\"><p>The best mentor not because he is my dad but he taught me how to be a top trainer while being humble and nice to people.<\/p>\n<\/blockquote>\r\n\t\t\t\t<div class=\"themesion-box-star-ratings\"><i class=\"thsn-base-icon-star thsn-active\"><\/i><i class=\"thsn-base-icon-star thsn-active\"><\/i><i class=\"thsn-base-icon-star thsn-active\"><\/i><i class=\"thsn-base-icon-star thsn-active\"><\/i><i class=\"thsn-base-icon-star thsn-active\"><\/i><\/div>\t\t\t<\/div>\r\n\t\t\t<div class=\"themesion-box-img d-flex align-items-center\">\r\n\t\t\t\t\t\t\t\t<div class=\"themesion-box-author\">\r\n\t\t\t\t\t<h3 class=\"themesion-box-title\">HJ<\/h3>\r\n\t\t\t\t\t\t\t\t\t<\/div>\r\n\t\t\t<\/div>\r\n\t\t<\/div>\r\n\t<\/div>\t\r\n<\/div><\/article><article class=\"thsn-ele thsn-ele-testimonial thsn-testimonial-style-3 col-md-6  thsn-even thsn-col-even\"><div class=\"themesion-post-item\">\r\n\t<div class=\"themesion-box-content\">\t\r\n\t\t<div class=\"themesion-testimonial-wrapper\">\r\n\t\t\t<div class=\"themesion-box-desc\">\r\n\t\t\t\t<blockquote class=\"themesion-testimonial-text\"><p>Best therapist, knowledgeable and focus on your needs.<br \/>Highly recommended.<\/p>\n<\/blockquote>\r\n\t\t\t\t<div class=\"themesion-box-star-ratings\"><i class=\"thsn-base-icon-star thsn-active\"><\/i><i class=\"thsn-base-icon-star thsn-active\"><\/i><i class=\"thsn-base-icon-star thsn-active\"><\/i><i class=\"thsn-base-icon-star thsn-active\"><\/i><i class=\"thsn-base-icon-star thsn-active\"><\/i><\/div>\t\t\t<\/div>\r\n\t\t\t<div class=\"themesion-box-img d-flex align-items-center\">\r\n\t\t\t\t\t\t\t\t<div class=\"themesion-box-author\">\r\n\t\t\t\t\t<h3 class=\"themesion-box-title\">AK<\/h3>\r\n\t\t\t\t\t\t\t\t\t<\/div>\r\n\t\t\t<\/div>\r\n\t\t<\/div>\r\n\t<\/div>\t\r\n<\/div><\/article>\r\n\t\t\t<\/div>\r\n\r\n\t\t\t\r\n\t\t\r\n\t\t\r\n\t\t<\/div><!-- .themesion-element-inner -->   <\/div><!-- .themesion-element -->  \r\n\t    \t\t<\/div>\n\t\t\t\t<\/div>\n\t\t\t\t\t<\/div>\n\t\t<\/div>\n\t\t\t\t\t<\/div>\n\t\t<\/section>\n\t\t\t\t<\/div>\n\t\t","protected":false},"excerpt":{"rendered":"<p>Quelles sont les perspectives d&#8217;emploi pour les massoth\u00e9rapeutes ? Certainement ! Les perspectives d&#8217;emploi pour les massoth\u00e9rapeutes sont tr\u00e8s prometteuses.. L&#8217;emploi dans ce domaine devrait cro\u00eetre de 18 % entre 2022 et 2032, ce qui est bien plus rapide que la moyenne de toutes les professions. En moyenne, il y aura environ 22 000 offres d&#8217;emploi pour les massoth\u00e9rapeutes chaque ann\u00e9e au cours de cette d\u00e9cennie. Donc, si vous envisagez[&hellip;]<\/p>\n","protected":false},"author":1,"featured_media":0,"parent":0,"menu_order":3,"comment_status":"closed","ping_status":"closed","template":"","meta":{"_acf_changed":false,"_uag_custom_page_level_css":"","footnotes":""},"class_list":["post-1841","page","type-page","status-publish","hentry"],"acf":[],"uagb_featured_image_src":{"full":false,"thumbnail":false,"medium":false,"medium_large":false,"large":false,"1536x1536":false,"2048x2048":false,"thsn-img-800x770":false,"thsn-img-500x700":false,"thsn-img-600x800":false,"thsn-img-770x350":false,"thsn-img-600x700":false,"thsn-img-770x635":false,"thsn-img-770x500":false,"thsn-img-770x9999":false,"thsn-img-770x770":false,"thsn-img-300x300":false,"thsn-img-500x560":false,"thsn-img-800x256":false},"uagb_author_info":{"display_name":"webmaster.jblapierre","author_link":"https:\/\/complementary-therapies.com\/mauritius\/author\/webmaster-jblapierre\/"},"uagb_comment_info":0,"uagb_excerpt":"Quelles sont les perspectives d&#8217;emploi pour les massoth\u00e9rapeutes ? Certainement ! Les perspectives d&#8217;emploi pour les massoth\u00e9rapeutes sont tr\u00e8s prometteuses.. L&#8217;emploi dans ce domaine devrait cro\u00eetre de 18 % entre 2022 et 2032, ce qui est bien plus rapide que la moyenne de toutes les professions. En moyenne, il y aura environ 22 000 offres&hellip;","_links":{"self":[{"href":"https:\/\/complementary-therapies.com\/mauritius\/wp-json\/wp\/v2\/pages\/1841"}],"collection":[{"href":"https:\/\/complementary-therapies.com\/mauritius\/wp-json\/wp\/v2\/pages"}],"about":[{"href":"https:\/\/complementary-therapies.com\/mauritius\/wp-json\/wp\/v2\/types\/page"}],"author":[{"embeddable":true,"href":"https:\/\/complementary-therapies.com\/mauritius\/wp-json\/wp\/v2\/users\/1"}],"replies":[{"embeddable":true,"href":"https:\/\/complementary-therapies.com\/mauritius\/wp-json\/wp\/v2\/comments?post=1841"}],"version-history":[{"count":7,"href":"https:\/\/complementary-therapies.com\/mauritius\/wp-json\/wp\/v2\/pages\/1841\/revisions"}],"predecessor-version":[{"id":1901,"href":"https:\/\/complementary-therapies.com\/mauritius\/wp-json\/wp\/v2\/pages\/1841\/revisions\/1901"}],"wp:attachment":[{"href":"https:\/\/complementary-therapies.com\/mauritius\/wp-json\/wp\/v2\/media?parent=1841"}],"curies":[{"name":"wp","href":"https:\/\/api.w.org\/{rel}","templated":true}]}}