{"id":1846,"date":"2024-09-28T07:26:54","date_gmt":"2024-09-28T07:26:54","guid":{"rendered":"https:\/\/complementary-therapies.com\/mauritius\/?page_id=1846"},"modified":"2024-09-28T12:12:16","modified_gmt":"2024-09-28T12:12:16","slug":"faq-2","status":"publish","type":"page","link":"https:\/\/complementary-therapies.com\/mauritius\/fr\/faq-2\/","title":{"rendered":"FAQ"},"content":{"rendered":"\t\t<div data-elementor-type=\"wp-page\" data-elementor-id=\"1846\" class=\"elementor elementor-1846\">\n\t\t\t\t\t\t<section class=\"elementor-section elementor-top-section elementor-element elementor-element-5a7d149 thsn-col-stretched-none thsn-bg-color-over-image elementor-section-boxed elementor-section-height-default elementor-section-height-default\" data-id=\"5a7d149\" data-element_type=\"section\">\n\t\t\t\t\t\t<div class=\"elementor-container elementor-column-gap-default\">\n\t\t\t\t\t<div class=\"elementor-column elementor-col-100 elementor-top-column elementor-element elementor-element-0e787d0 thsn-bg-color-over-image\" data-id=\"0e787d0\" data-element_type=\"column\">\n\t\t\t<div class=\"elementor-widget-wrap elementor-element-populated\">\n\t\t\t\t\t\t<div class=\"elementor-element elementor-element-06ffb1f elementor-widget elementor-widget-heading\" data-id=\"06ffb1f\" data-element_type=\"widget\" data-widget_type=\"heading.default\">\n\t\t\t\t<div class=\"elementor-widget-container\">\n\t\t\t<h5 class=\"elementor-heading-title elementor-size-default\">Pourquoi devrais-je choisir l'\u00e9cole de formation Complementary Therapies (Ile Maurice) Co Ltd ?<\/h5>\t\t<\/div>\n\t\t\t\t<\/div>\n\t\t\t\t<div class=\"elementor-element elementor-element-50ecb38 elementor-widget-divider--view-line elementor-widget elementor-widget-divider\" data-id=\"50ecb38\" data-element_type=\"widget\" data-widget_type=\"divider.default\">\n\t\t\t\t<div class=\"elementor-widget-container\">\n\t\t\t\t\t<div class=\"elementor-divider\">\n\t\t\t<span class=\"elementor-divider-separator\">\n\t\t\t\t\t\t<\/span>\n\t\t<\/div>\n\t\t\t\t<\/div>\n\t\t\t\t<\/div>\n\t\t\t\t<div class=\"elementor-element elementor-element-6351e74 elementor-widget elementor-widget-text-editor\" data-id=\"6351e74\" data-element_type=\"widget\" data-widget_type=\"text-editor.default\">\n\t\t\t\t<div class=\"elementor-widget-container\">\n\t\t\t\t\t\t\t<h6><strong>Choisir une \u00e9cole de formation en th\u00e9rapie par le massage est une d\u00e9cision importante, et plusieurs facteurs doivent \u00eatre pris en compte. Voici quelques \u00e9l\u00e9ments pour vous aider \u00e0 comprendre pourquoi notre \u00e9cole de formation pourrait \u00eatre la meilleure option pour vous :<\/strong><\/h6><p><strong>Alignement du programme :<\/strong><br \/>Recherchez une \u00e9cole dont le programme correspond \u00e0 vos objectifs de carri\u00e8re. Certains programmes mettent l&#8217;accent sur les techniques de massage de relaxation, tandis que d&#8217;autres se concentrent davantage sur les applications m\u00e9dicales ou r\u00e9paratrices. Assurez-vous que le style de massage enseign\u00e9 correspond \u00e0 ce que vous souhaitez apprendre.<\/p><p><strong>1. Qualifications du corps enseignant :<br \/><\/strong>Examinez les qualifications et l&#8217;exp\u00e9rience des enseignants. Des formateurs exp\u00e9riment\u00e9s peuvent vous offrir des perspectives pr\u00e9cieuses et un mentorat tout au long de votre formation.<\/p><p><strong>2. Philosophie \u00e9ducative :<\/strong><br \/>Consid\u00e9rez si la philosophie \u00e9ducative du programme r\u00e9sonne avec vos propres visions de la sant\u00e9, de la gu\u00e9rison et du but de la th\u00e9rapie par le massage.<\/p><p><strong>3. Temps requis:<br \/><\/strong>Comprenez l&#8217;engagement en temps requis pour le programme. Assurez-vous qu&#8217;il s&#8217;adapte bien \u00e0 vos autres obligations et permet suffisamment de temps pour l&#8217;\u00e9tude et la pratique en dehors des cours.<\/p><p><strong>4. Consid\u00e9rations financi\u00e8res:<br \/><\/strong>\u00c9valuez les frais de scolarit\u00e9, les frais annexes et autres co\u00fbts. De plus, pr\u00e9voyez un budget pour les n\u00e9cessit\u00e9s telles que les tables de massage, les livres et les fournitures.\u00a0<\/p><p class=\"whitespace-pre-wrap break-words\">Rappelez-vous, votre choix d&#8217;\u00e9cole de massoth\u00e9rapie fa\u00e7onnera votre base de connaissances et de comp\u00e9tences, alors prenez le temps de trouver celle qui vous convient le mieux ! C&#8217;est excellent ! Collaborer avec un institut de formation accr\u00e9dit\u00e9 et exp\u00e9riment\u00e9 peut consid\u00e9rablement am\u00e9liorer la qualit\u00e9 de vos programmes de formation. L&#8217;accr\u00e9ditation garantit que la formation respecte les normes de l&#8217;industrie et les meilleures pratiques. <br \/><br \/>Ici, nous sommes <strong>Complementary Therapies (Mauritius) Co Ltd<\/strong> et travaillons en pleine collaboration avec <strong>Holistic Massage Training School<\/strong>. Holistic Massage Training School : Cette \u00e9cole, situ\u00e9e \u00e0 Quatre Bornes, est hautement recommand\u00e9e. <strong>Harry Juggiah et Sarah Gooroochurn (fille de Harry Juggiah)<\/strong>, des enseignants professionnels avec une vaste exp\u00e9rience, dirigent le programme.<\/p><p><strong>Les \u00e9tudiants b\u00e9n\u00e9ficient d&#8217;un environnement d&#8217;apprentissage positif et d&#8217;une orientation patiente. <br \/>Si vous \u00eates passionn\u00e9 par la massoth\u00e9rapie, cela pourrait \u00eatre un excellent choix.<\/strong><\/p>\t\t\t\t\t\t<\/div>\n\t\t\t\t<\/div>\n\t\t\t\t\t<\/div>\n\t\t<\/div>\n\t\t\t\t\t<\/div>\n\t\t<\/section>\n\t\t\t\t<section class=\"elementor-section elementor-top-section elementor-element elementor-element-675da6e thsn-col-stretched-none thsn-bg-color-over-image elementor-section-boxed elementor-section-height-default elementor-section-height-default\" data-id=\"675da6e\" data-element_type=\"section\">\n\t\t\t\t\t\t<div class=\"elementor-container elementor-column-gap-default\">\n\t\t\t\t\t<div class=\"elementor-column elementor-col-100 elementor-top-column elementor-element elementor-element-509c50d thsn-bg-color-over-image\" data-id=\"509c50d\" data-element_type=\"column\">\n\t\t\t<div class=\"elementor-widget-wrap elementor-element-populated\">\n\t\t\t\t\t\t<div class=\"elementor-element elementor-element-788c50a elementor-widget elementor-widget-image\" data-id=\"788c50a\" data-element_type=\"widget\" data-widget_type=\"image.default\">\n\t\t\t\t<div class=\"elementor-widget-container\">\n\t\t\t\t\t\t\t\t\t\t\t\t\t<img fetchpriority=\"high\" decoding=\"async\" width=\"768\" height=\"286\" src=\"https:\/\/complementary-therapies.com\/mauritius\/wp-content\/uploads\/2024\/09\/hero-image-1-768x286.png\" class=\"attachment-medium_large size-medium_large wp-image-1585\" alt=\"\" srcset=\"https:\/\/complementary-therapies.com\/mauritius\/wp-content\/uploads\/2024\/09\/hero-image-1-768x286.png 768w, https:\/\/complementary-therapies.com\/mauritius\/wp-content\/uploads\/2024\/09\/hero-image-1-300x112.png 300w, https:\/\/complementary-therapies.com\/mauritius\/wp-content\/uploads\/2024\/09\/hero-image-1-770x286.png 770w, https:\/\/complementary-therapies.com\/mauritius\/wp-content\/uploads\/2024\/09\/hero-image-1.png 960w\" sizes=\"(max-width: 768px) 100vw, 768px\" \/>\t\t\t\t\t\t\t\t\t\t\t\t\t<\/div>\n\t\t\t\t<\/div>\n\t\t\t\t\t<\/div>\n\t\t<\/div>\n\t\t\t\t\t<\/div>\n\t\t<\/section>\n\t\t\t\t<section class=\"elementor-section elementor-top-section elementor-element elementor-element-e95b2e2 thsn-col-stretched-none thsn-bg-color-over-image elementor-section-boxed elementor-section-height-default elementor-section-height-default\" data-id=\"e95b2e2\" data-element_type=\"section\">\n\t\t\t\t\t\t<div class=\"elementor-container elementor-column-gap-default\">\n\t\t\t\t\t<div class=\"elementor-column elementor-col-100 elementor-top-column elementor-element elementor-element-49a917d thsn-bg-color-over-image\" data-id=\"49a917d\" data-element_type=\"column\">\n\t\t\t<div class=\"elementor-widget-wrap\">\n\t\t\t\t\t\t\t<\/div>\n\t\t<\/div>\n\t\t\t\t\t<\/div>\n\t\t<\/section>\n\t\t\t\t<section class=\"elementor-section elementor-top-section elementor-element elementor-element-71d0524e thsn-bg-color-yes thsn-elementor-bg-color-white thsn-col-stretched-none thsn-bg-color-over-image elementor-section-boxed elementor-section-height-default elementor-section-height-default\" data-id=\"71d0524e\" data-element_type=\"section\">\n\t\t\t\t\t\t<div class=\"elementor-container elementor-column-gap-no\">\n\t\t\t\t\t<div class=\"elementor-column elementor-col-100 elementor-top-column elementor-element elementor-element-1f762231 thsn-bg-color-over-image\" data-id=\"1f762231\" data-element_type=\"column\">\n\t\t\t<div class=\"elementor-widget-wrap elementor-element-populated\">\n\t\t\t\t\t\t<div class=\"elementor-element elementor-element-41c8ab40 thsn-align-center elementor-widget elementor-widget-thsn_testimonial_element\" data-id=\"41c8ab40\" data-element_type=\"widget\" data-widget_type=\"thsn_testimonial_element.default\">\n\t\t\t\t<div class=\"elementor-widget-container\">\n\t\t\t\r\n\t\t<div class=\"themesion-element themesion-element-testimonial thsn-element-testimonial-style-3 themesion-element-viewtype-carousel themesion-gap-30px thsn-infinite-scroll-no thsn-infinite-scroll-button-no\" data-cpt=\"testimonial\" data-totalpagination=\"1\" data-style=\"3\" data-show=\"6\" data-columns=\"2\" data-loop=\"false\" data-autoplay=\"false\" data-center=\"false\" data-nav=\"false\" data-dots=\"true\" data-autoplayspeed=\"1000\" data-margin=\"30px\"><div class=\"themesion-element-inner\"><div class=\"thsn-infinite-scroll-data\">{\"cpt\":\"testimonial\",\"style\":\"3\",\"columns\":\"2\",\"show\":\"6\",\"order\":\"DESC\",\"orderby\":\"DESC\"}<\/div>\t\t\t\t<div class=\"thsn-ele-header-area\">\r\n\t\t\t\t\t\t<div class=\"thsn-heading-subheading center-align thsn-reverse-heading-yes\"><h4 class=\"thsn-element-subtitle\">\r\n\t\t\t\r\n\t\t\t\tTestimonials\r\n\t\t\t\r\n\t\t\t<\/h4>\r\n\t\t<h2 class=\"thsn-element-title\">\r\n\t\t\t\r\n\t\t\t\tWhat our clients say about us\r\n\t\t\t\r\n\t\t\t<\/h2>\r\n\t\t<\/div>\t\t\t\t<\/div>\r\n\t\t\t\t\t<div class=\"thsn-carousel-navs\">\r\n\t\t\t\t\t\t<a href=\"#\" class=\"thsn-carousel-prev\"><i class=\"thsn-base-icon-right-arrow-2\"><\/i><\/a>\r\n\t\t\t\t\t\t<a href=\"#\" class=\"thsn-carousel-next\"><i class=\"thsn-base-icon-right-arrow-2\"><\/i><\/a>\r\n\t\t\t\t\t<\/div>\r\n\t\t\t\t\r\n\t\t\t\t\r\n\t\t\t<div class=\"thsn-element-posts-wrapper row multi-columns-row\">\r\n\t\t\t<article class=\"thsn-ele thsn-ele-testimonial thsn-testimonial-style-3 col-md-6  thsn-odd thsn-col-odd\"><div class=\"themesion-post-item\">\r\n\t<div class=\"themesion-box-content\">\t\r\n\t\t<div class=\"themesion-testimonial-wrapper\">\r\n\t\t\t<div class=\"themesion-box-desc\">\r\n\t\t\t\t<blockquote class=\"themesion-testimonial-text\"><p>Best therapist, knowledgeable and focus on your needs.<br \/>Highly recommended.<\/p>\n<\/blockquote>\r\n\t\t\t\t<div class=\"themesion-box-star-ratings\"><i class=\"thsn-base-icon-star thsn-active\"><\/i><i class=\"thsn-base-icon-star thsn-active\"><\/i><i class=\"thsn-base-icon-star thsn-active\"><\/i><i class=\"thsn-base-icon-star thsn-active\"><\/i><i class=\"thsn-base-icon-star thsn-active\"><\/i><\/div>\t\t\t<\/div>\r\n\t\t\t<div class=\"themesion-box-img d-flex align-items-center\">\r\n\t\t\t\t\t\t\t\t<div class=\"themesion-box-author\">\r\n\t\t\t\t\t<h3 class=\"themesion-box-title\">AK<\/h3>\r\n\t\t\t\t\t\t\t\t\t<\/div>\r\n\t\t\t<\/div>\r\n\t\t<\/div>\r\n\t<\/div>\t\r\n<\/div><\/article><article class=\"thsn-ele thsn-ele-testimonial thsn-testimonial-style-3 col-md-6  thsn-even thsn-col-odd\"><div class=\"themesion-post-item\">\r\n\t<div class=\"themesion-box-content\">\t\r\n\t\t<div class=\"themesion-testimonial-wrapper\">\r\n\t\t\t<div class=\"themesion-box-desc\">\r\n\t\t\t\t<blockquote class=\"themesion-testimonial-text\"><p>The best mentor not because he is my dad but he taught me how to be a top trainer while being humble and nice to people.<\/p>\n<\/blockquote>\r\n\t\t\t\t<div class=\"themesion-box-star-ratings\"><i class=\"thsn-base-icon-star thsn-active\"><\/i><i class=\"thsn-base-icon-star thsn-active\"><\/i><i class=\"thsn-base-icon-star thsn-active\"><\/i><i class=\"thsn-base-icon-star thsn-active\"><\/i><i class=\"thsn-base-icon-star thsn-active\"><\/i><\/div>\t\t\t<\/div>\r\n\t\t\t<div class=\"themesion-box-img d-flex align-items-center\">\r\n\t\t\t\t\t\t\t\t<div class=\"themesion-box-author\">\r\n\t\t\t\t\t<h3 class=\"themesion-box-title\">HJ<\/h3>\r\n\t\t\t\t\t\t\t\t\t<\/div>\r\n\t\t\t<\/div>\r\n\t\t<\/div>\r\n\t<\/div>\t\r\n<\/div><\/article><article class=\"thsn-ele thsn-ele-testimonial thsn-testimonial-style-3 col-md-6  thsn-odd thsn-col-even\"><div class=\"themesion-post-item\">\r\n\t<div class=\"themesion-box-content\">\t\r\n\t\t<div class=\"themesion-testimonial-wrapper\">\r\n\t\t\t<div class=\"themesion-box-desc\">\r\n\t\t\t\t<blockquote class=\"themesion-testimonial-text\"><p>The best mentor not because he is my dad but he taught me how to be a top trainer while being humble and nice to people.<\/p>\n<\/blockquote>\r\n\t\t\t\t<div class=\"themesion-box-star-ratings\"><i class=\"thsn-base-icon-star thsn-active\"><\/i><i class=\"thsn-base-icon-star thsn-active\"><\/i><i class=\"thsn-base-icon-star thsn-active\"><\/i><i class=\"thsn-base-icon-star thsn-active\"><\/i><i class=\"thsn-base-icon-star thsn-active\"><\/i><\/div>\t\t\t<\/div>\r\n\t\t\t<div class=\"themesion-box-img d-flex align-items-center\">\r\n\t\t\t\t\t\t\t\t<div class=\"themesion-box-author\">\r\n\t\t\t\t\t<h3 class=\"themesion-box-title\">HJ<\/h3>\r\n\t\t\t\t\t\t\t\t\t<\/div>\r\n\t\t\t<\/div>\r\n\t\t<\/div>\r\n\t<\/div>\t\r\n<\/div><\/article><article class=\"thsn-ele thsn-ele-testimonial thsn-testimonial-style-3 col-md-6  thsn-even thsn-col-even\"><div class=\"themesion-post-item\">\r\n\t<div class=\"themesion-box-content\">\t\r\n\t\t<div class=\"themesion-testimonial-wrapper\">\r\n\t\t\t<div class=\"themesion-box-desc\">\r\n\t\t\t\t<blockquote class=\"themesion-testimonial-text\"><p>Best therapist, knowledgeable and focus on your needs.<br \/>Highly recommended.<\/p>\n<\/blockquote>\r\n\t\t\t\t<div class=\"themesion-box-star-ratings\"><i class=\"thsn-base-icon-star thsn-active\"><\/i><i class=\"thsn-base-icon-star thsn-active\"><\/i><i class=\"thsn-base-icon-star thsn-active\"><\/i><i class=\"thsn-base-icon-star thsn-active\"><\/i><i class=\"thsn-base-icon-star thsn-active\"><\/i><\/div>\t\t\t<\/div>\r\n\t\t\t<div class=\"themesion-box-img d-flex align-items-center\">\r\n\t\t\t\t\t\t\t\t<div class=\"themesion-box-author\">\r\n\t\t\t\t\t<h3 class=\"themesion-box-title\">AK<\/h3>\r\n\t\t\t\t\t\t\t\t\t<\/div>\r\n\t\t\t<\/div>\r\n\t\t<\/div>\r\n\t<\/div>\t\r\n<\/div><\/article>\r\n\t\t\t<\/div>\r\n\r\n\t\t\t\r\n\t\t\r\n\t\t\r\n\t\t<\/div><!-- .themesion-element-inner -->   <\/div><!-- .themesion-element -->  \r\n\t    \t\t<\/div>\n\t\t\t\t<\/div>\n\t\t\t\t\t<\/div>\n\t\t<\/div>\n\t\t\t\t\t<\/div>\n\t\t<\/section>\n\t\t\t\t<\/div>\n\t\t","protected":false},"excerpt":{"rendered":"<p>Pourquoi devrais-je choisir l&#8217;\u00e9cole de formation Complementary Therapies (Ile Maurice) Co Ltd ? Choisir une \u00e9cole de formation en th\u00e9rapie par le massage est une d\u00e9cision importante, et plusieurs facteurs doivent \u00eatre pris en compte. Voici quelques \u00e9l\u00e9ments pour vous aider \u00e0 comprendre pourquoi notre \u00e9cole de formation pourrait \u00eatre la meilleure option pour vous : Alignement du programme :Recherchez une \u00e9cole dont le programme correspond \u00e0 vos objectifs de[&hellip;]<\/p>\n","protected":false},"author":1,"featured_media":0,"parent":0,"menu_order":6,"comment_status":"closed","ping_status":"closed","template":"","meta":{"_acf_changed":false,"_uag_custom_page_level_css":"","footnotes":""},"class_list":["post-1846","page","type-page","status-publish","hentry"],"acf":[],"uagb_featured_image_src":{"full":false,"thumbnail":false,"medium":false,"medium_large":false,"large":false,"1536x1536":false,"2048x2048":false,"thsn-img-800x770":false,"thsn-img-500x700":false,"thsn-img-600x800":false,"thsn-img-770x350":false,"thsn-img-600x700":false,"thsn-img-770x635":false,"thsn-img-770x500":false,"thsn-img-770x9999":false,"thsn-img-770x770":false,"thsn-img-300x300":false,"thsn-img-500x560":false,"thsn-img-800x256":false},"uagb_author_info":{"display_name":"webmaster.jblapierre","author_link":"https:\/\/complementary-therapies.com\/mauritius\/author\/webmaster-jblapierre\/"},"uagb_comment_info":0,"uagb_excerpt":"Pourquoi devrais-je choisir l&#8217;\u00e9cole de formation Complementary Therapies (Ile Maurice) Co Ltd ? Choisir une \u00e9cole de formation en th\u00e9rapie par le massage est une d\u00e9cision importante, et plusieurs facteurs doivent \u00eatre pris en compte. Voici quelques \u00e9l\u00e9ments pour vous aider \u00e0 comprendre pourquoi notre \u00e9cole de formation pourrait \u00eatre la meilleure option pour vous&hellip;","_links":{"self":[{"href":"https:\/\/complementary-therapies.com\/mauritius\/wp-json\/wp\/v2\/pages\/1846"}],"collection":[{"href":"https:\/\/complementary-therapies.com\/mauritius\/wp-json\/wp\/v2\/pages"}],"about":[{"href":"https:\/\/complementary-therapies.com\/mauritius\/wp-json\/wp\/v2\/types\/page"}],"author":[{"embeddable":true,"href":"https:\/\/complementary-therapies.com\/mauritius\/wp-json\/wp\/v2\/users\/1"}],"replies":[{"embeddable":true,"href":"https:\/\/complementary-therapies.com\/mauritius\/wp-json\/wp\/v2\/comments?post=1846"}],"version-history":[{"count":10,"href":"https:\/\/complementary-therapies.com\/mauritius\/wp-json\/wp\/v2\/pages\/1846\/revisions"}],"predecessor-version":[{"id":1908,"href":"https:\/\/complementary-therapies.com\/mauritius\/wp-json\/wp\/v2\/pages\/1846\/revisions\/1908"}],"wp:attachment":[{"href":"https:\/\/complementary-therapies.com\/mauritius\/wp-json\/wp\/v2\/media?parent=1846"}],"curies":[{"name":"wp","href":"https:\/\/api.w.org\/{rel}","templated":true}]}}